{"id":93,"date":"2024-06-18T13:04:48","date_gmt":"2024-06-18T13:04:48","guid":{"rendered":"http:\/\/teamnet.intravipur.com\/?page_id=93"},"modified":"2024-11-14T16:58:41","modified_gmt":"2024-11-14T15:58:41","slug":"references-temoignages","status":"publish","type":"page","link":"https:\/\/teamnet.intravipur.com\/?page_id=93","title":{"rendered":"R\u00e9f\u00e9rences &#038; T\u00e9moignages"},"content":{"rendered":"\t\t<div data-elementor-type=\"wp-page\" data-elementor-id=\"93\" class=\"elementor elementor-93\" data-elementor-post-type=\"page\">\n\t\t\t\t<div class=\"elementor-element elementor-element-12ad0a0d e-flex e-con-boxed e-con e-parent\" data-id=\"12ad0a0d\" data-element_type=\"container\" data-e-type=\"container\">\n\t\t\t\t\t<div class=\"e-con-inner\">\n\t\t\t\t<div class=\"elementor-element elementor-element-27ff2510 elementor-align-left elementor-widget elementor-widget-breadcrumbs\" data-id=\"27ff2510\" data-element_type=\"widget\" data-e-type=\"widget\" data-widget_type=\"breadcrumbs.default\">\n\t\t\t\t<div class=\"elementor-widget-container\">\n\t\t\t\t\t<p id=\"breadcrumbs\"><span><span><a href=\"http:\/\/teamnet.intravipur.com\/\">Accueil<\/a><\/span><\/span><\/p>\t\t\t\t<\/div>\n\t\t\t\t<\/div>\n\t\t\t\t\t<\/div>\n\t\t\t\t<\/div>\n\t\t<div class=\"elementor-element elementor-element-5fc768ec e-flex e-con-boxed e-con e-parent\" data-id=\"5fc768ec\" data-element_type=\"container\" data-e-type=\"container\">\n\t\t\t\t\t<div class=\"e-con-inner\">\n\t\t\t\t<div class=\"elementor-element elementor-element-723c9576 elementor-widget elementor-widget-heading\" data-id=\"723c9576\" data-element_type=\"widget\" data-e-type=\"widget\" data-widget_type=\"heading.default\">\n\t\t\t\t<div class=\"elementor-widget-container\">\n\t\t\t\t\t<h1 class=\"elementor-heading-title elementor-size-default\">Lorem ipsum dolor sit amet, consetetur sadipscing<\/h1>\t\t\t\t<\/div>\n\t\t\t\t<\/div>\n\t\t\t\t<div class=\"elementor-element elementor-element-2d496f7 elementor-widget elementor-widget-text-editor\" data-id=\"2d496f7\" data-element_type=\"widget\" data-e-type=\"widget\" data-widget_type=\"text-editor.default\">\n\t\t\t\t<div class=\"elementor-widget-container\">\n\t\t\t\t\t\t\t\t\t<p>Lorem ipsum dolor sit amet, consetetur sadipscing elitr, sed diam nonumy eirmod tempor invidunt ut labore et dolore magna aliquyam.<\/p>\t\t\t\t\t\t\t\t<\/div>\n\t\t\t\t<\/div>\n\t\t\t\t<div class=\"elementor-element elementor-element-364c6743 elementor-widget elementor-widget-text-editor\" data-id=\"364c6743\" data-element_type=\"widget\" data-e-type=\"widget\" data-widget_type=\"text-editor.default\">\n\t\t\t\t<div class=\"elementor-widget-container\">\n\t\t\t\t\t\t\t\t\t<p>Lorem ipsum dolor sit amet, consetetur sadipscing elitr, sed diam nonumy eirmod tempor invidunt ut labore et dolore magna aliquyam erat, sed diam voluptua. At vero eos et accusam et justo duo dolores et ea rebum. Stet clita kasd gubergren, no sea takimata sanctus est Lorem ipsum dolor sit amet. Lorem ipsum dolor sit amet.<\/p><p>Lorem ipsum dolor sit amet, consetetur sadipscing elitr, sed diam nonumy eirmod tempor invidunt ut labore et dolore magna aliquyam erat, sed diam voluptua. At vero eos et accusam et justo duo dolores et ea rebum. Stet clita kasd gubergren, no sea takimata sanctus est Lorem ipsum dolor sit amet. Lorem ipsum dolor sit amet.<br \/>Lorem ipsum dolor sit amet, consetetur sadipscing elitr.<\/p>\t\t\t\t\t\t\t\t<\/div>\n\t\t\t\t<\/div>\n\t\t\t\t\t<\/div>\n\t\t\t\t<\/div>\n\t\t<div class=\"elementor-element elementor-element-776cbb81 e-flex e-con-boxed e-con e-parent\" data-id=\"776cbb81\" data-element_type=\"container\" data-e-type=\"container\">\n\t\t\t\t\t<div class=\"e-con-inner\">\n\t\t\t\t<div class=\"elementor-element elementor-element-1647bad6 elementor-align-center elementor-widget elementor-widget-global elementor-global-747 elementor-widget-button\" data-id=\"1647bad6\" data-element_type=\"widget\" data-e-type=\"widget\" data-widget_type=\"button.default\">\n\t\t\t\t<div class=\"elementor-widget-container\">\n\t\t\t\t\t\t\t\t\t<div class=\"elementor-button-wrapper\">\n\t\t\t\t\t<a class=\"elementor-button elementor-button-link elementor-size-sm\" href=\"#\">\n\t\t\t\t\t\t<span class=\"elementor-button-content-wrapper\">\n\t\t\t\t\t\t<span class=\"elementor-button-icon\">\n\t\t\t\t<svg aria-hidden=\"true\" class=\"e-font-icon-svg e-fas-caret-right\" viewBox=\"0 0 192 512\" xmlns=\"http:\/\/www.w3.org\/2000\/svg\"><path d=\"M0 384.662V127.338c0-17.818 21.543-26.741 34.142-14.142l128.662 128.662c7.81 7.81 7.81 20.474 0 28.284L34.142 398.804C21.543 411.404 0 402.48 0 384.662z\"><\/path><\/svg>\t\t\t<\/span>\n\t\t\t\t\t\t\t\t\t<span class=\"elementor-button-text\">Lorem ipsum<\/span>\n\t\t\t\t\t<\/span>\n\t\t\t\t\t<\/a>\n\t\t\t\t<\/div>\n\t\t\t\t\t\t\t\t<\/div>\n\t\t\t\t<\/div>\n\t\t\t\t\t<\/div>\n\t\t\t\t<\/div>\n\t\t<div class=\"elementor-element elementor-element-1b86761a e-flex e-con-boxed e-con e-parent\" data-id=\"1b86761a\" data-element_type=\"container\" data-e-type=\"container\" data-settings=\"{&quot;background_background&quot;:&quot;classic&quot;}\">\n\t\t\t\t\t<div class=\"e-con-inner\">\n\t\t<div class=\"elementor-element elementor-element-4ac16867 e-con-full e-flex e-con e-child\" data-id=\"4ac16867\" data-element_type=\"container\" data-e-type=\"container\">\n\t\t\t\t<div class=\"elementor-element elementor-element-325d19c9 elementor-widget elementor-widget-button\" data-id=\"325d19c9\" data-element_type=\"widget\" data-e-type=\"widget\" data-widget_type=\"button.default\">\n\t\t\t\t<div class=\"elementor-widget-container\">\n\t\t\t\t\t\t\t\t\t<div class=\"elementor-button-wrapper\">\n\t\t\t\t\t<a class=\"elementor-button elementor-button-link elementor-size-sm\" href=\"#\">\n\t\t\t\t\t\t<span class=\"elementor-button-content-wrapper\">\n\t\t\t\t\t\t<span class=\"elementor-button-icon\">\n\t\t\t\t<svg aria-hidden=\"true\" class=\"e-font-icon-svg e-fas-caret-right\" viewBox=\"0 0 192 512\" xmlns=\"http:\/\/www.w3.org\/2000\/svg\"><path d=\"M0 384.662V127.338c0-17.818 21.543-26.741 34.142-14.142l128.662 128.662c7.81 7.81 7.81 20.474 0 28.284L34.142 398.804C21.543 411.404 0 402.48 0 384.662z\"><\/path><\/svg>\t\t\t<\/span>\n\t\t\t\t\t\t\t\t\t<span class=\"elementor-button-text\">D\u00e9mo en direct<\/span>\n\t\t\t\t\t<\/span>\n\t\t\t\t\t<\/a>\n\t\t\t\t<\/div>\n\t\t\t\t\t\t\t\t<\/div>\n\t\t\t\t<\/div>\n\t\t\t\t<\/div>\n\t\t<div class=\"elementor-element elementor-element-376ea909 e-con-full e-flex e-con e-child\" data-id=\"376ea909\" data-element_type=\"container\" data-e-type=\"container\">\n\t\t\t\t<div class=\"elementor-element elementor-element-298f19f4 elementor-widget elementor-widget-text-editor\" data-id=\"298f19f4\" data-element_type=\"widget\" data-e-type=\"widget\" data-widget_type=\"text-editor.default\">\n\t\t\t\t<div class=\"elementor-widget-container\">\n\t\t\t\t\t\t\t\t\t<p>Demandez votre d\u00e9mo en direct maintenant !<\/p>\t\t\t\t\t\t\t\t<\/div>\n\t\t\t\t<\/div>\n\t\t\t\t<\/div>\n\t\t\t\t\t<\/div>\n\t\t\t\t<\/div>\n\t\t\t\t<\/div>\n\t\t","protected":false},"excerpt":{"rendered":"<p>Lorem ipsum dolor sit amet, consetetur sadipscing Lorem ipsum dolor sit amet, consetetur sadipscing elitr, sed diam nonumy eirmod tempor invidunt ut labore et dolore magna aliquyam. Lorem ipsum dolor sit amet, consetetur sadipscing elitr, sed diam nonumy eirmod tempor invidunt ut labore et dolore magna aliquyam erat, sed diam voluptua. At vero eos et [&hellip;]<\/p>\n","protected":false},"author":1,"featured_media":0,"parent":0,"menu_order":0,"comment_status":"closed","ping_status":"closed","template":"","meta":{"footnotes":""},"class_list":["post-93","page","type-page","status-publish","hentry"],"yoast_head":"<!-- This site is optimized with the Yoast SEO plugin v27.1.1 - https:\/\/yoast.com\/product\/yoast-seo-wordpress\/ -->\n<title>R\u00e9f\u00e9rences &amp; T\u00e9moignages - Teamnet<\/title>\n<meta name=\"robots\" content=\"index, follow, max-snippet:-1, max-image-preview:large, max-video-preview:-1\" \/>\n<link rel=\"canonical\" href=\"https:\/\/teamnet.intravipur.com\/?page_id=93\" \/>\n<meta property=\"og:locale\" content=\"fr_FR\" \/>\n<meta property=\"og:type\" content=\"article\" \/>\n<meta property=\"og:title\" content=\"R\u00e9f\u00e9rences &amp; T\u00e9moignages - Teamnet\" \/>\n<meta property=\"og:description\" content=\"Lorem ipsum dolor sit amet, consetetur sadipscing Lorem ipsum dolor sit amet, consetetur sadipscing elitr, sed diam nonumy eirmod tempor invidunt ut labore et dolore magna aliquyam. Lorem ipsum dolor sit amet, consetetur sadipscing elitr, sed diam nonumy eirmod tempor invidunt ut labore et dolore magna aliquyam erat, sed diam voluptua. At vero eos et [&hellip;]\" \/>\n<meta property=\"og:url\" content=\"https:\/\/teamnet.intravipur.com\/?page_id=93\" \/>\n<meta property=\"og:site_name\" content=\"Teamnet\" \/>\n<meta property=\"article:modified_time\" content=\"2024-11-14T15:58:41+00:00\" \/>\n<meta name=\"twitter:card\" content=\"summary_large_image\" \/>\n<meta name=\"twitter:label1\" content=\"Dur\u00e9e de lecture estim\u00e9e\" \/>\n\t<meta name=\"twitter:data1\" content=\"1 minute\" \/>\n<script type=\"application\/ld+json\" class=\"yoast-schema-graph\">{\"@context\":\"https:\/\/schema.org\",\"@graph\":[{\"@type\":\"WebPage\",\"@id\":\"https:\/\/teamnet.intravipur.com\/?page_id=93\",\"url\":\"https:\/\/teamnet.intravipur.com\/?page_id=93\",\"name\":\"R\u00e9f\u00e9rences & T\u00e9moignages - Teamnet\",\"isPartOf\":{\"@id\":\"http:\/\/teamnet.intravipur.com\/#website\"},\"datePublished\":\"2024-06-18T13:04:48+00:00\",\"dateModified\":\"2024-11-14T15:58:41+00:00\",\"breadcrumb\":{\"@id\":\"https:\/\/teamnet.intravipur.com\/?page_id=93#breadcrumb\"},\"inLanguage\":\"fr-FR\",\"potentialAction\":[{\"@type\":\"ReadAction\",\"target\":[\"https:\/\/teamnet.intravipur.com\/?page_id=93\"]}]},{\"@type\":\"BreadcrumbList\",\"@id\":\"https:\/\/teamnet.intravipur.com\/?page_id=93#breadcrumb\",\"itemListElement\":[{\"@type\":\"ListItem\",\"position\":1,\"name\":\"Accueil\",\"item\":\"http:\/\/teamnet.intravipur.com\/\"},{\"@type\":\"ListItem\",\"position\":2,\"name\":\"R\u00e9f\u00e9rences &#038; T\u00e9moignages\"}]},{\"@type\":\"WebSite\",\"@id\":\"http:\/\/teamnet.intravipur.com\/#website\",\"url\":\"http:\/\/teamnet.intravipur.com\/\",\"name\":\"Teamnet\",\"description\":\"\",\"publisher\":{\"@id\":\"http:\/\/teamnet.intravipur.com\/#organization\"},\"potentialAction\":[{\"@type\":\"SearchAction\",\"target\":{\"@type\":\"EntryPoint\",\"urlTemplate\":\"http:\/\/teamnet.intravipur.com\/?s={search_term_string}\"},\"query-input\":{\"@type\":\"PropertyValueSpecification\",\"valueRequired\":true,\"valueName\":\"search_term_string\"}}],\"inLanguage\":\"fr-FR\"},{\"@type\":\"Organization\",\"@id\":\"http:\/\/teamnet.intravipur.com\/#organization\",\"name\":\"Teamnet\",\"url\":\"http:\/\/teamnet.intravipur.com\/\",\"logo\":{\"@type\":\"ImageObject\",\"inLanguage\":\"fr-FR\",\"@id\":\"http:\/\/teamnet.intravipur.com\/#\/schema\/logo\/image\/\",\"url\":\"https:\/\/teamnet.intravipur.com\/wp-content\/uploads\/2024\/06\/logo-teamnet.png\",\"contentUrl\":\"https:\/\/teamnet.intravipur.com\/wp-content\/uploads\/2024\/06\/logo-teamnet.png\",\"width\":321,\"height\":121,\"caption\":\"Teamnet\"},\"image\":{\"@id\":\"http:\/\/teamnet.intravipur.com\/#\/schema\/logo\/image\/\"}}]}<\/script>\n<!-- \/ Yoast SEO plugin. -->","yoast_head_json":{"title":"R\u00e9f\u00e9rences & T\u00e9moignages - Teamnet","robots":{"index":"index","follow":"follow","max-snippet":"max-snippet:-1","max-image-preview":"max-image-preview:large","max-video-preview":"max-video-preview:-1"},"canonical":"https:\/\/teamnet.intravipur.com\/?page_id=93","og_locale":"fr_FR","og_type":"article","og_title":"R\u00e9f\u00e9rences & T\u00e9moignages - Teamnet","og_description":"Lorem ipsum dolor sit amet, consetetur sadipscing Lorem ipsum dolor sit amet, consetetur sadipscing elitr, sed diam nonumy eirmod tempor invidunt ut labore et dolore magna aliquyam. Lorem ipsum dolor sit amet, consetetur sadipscing elitr, sed diam nonumy eirmod tempor invidunt ut labore et dolore magna aliquyam erat, sed diam voluptua. At vero eos et [&hellip;]","og_url":"https:\/\/teamnet.intravipur.com\/?page_id=93","og_site_name":"Teamnet","article_modified_time":"2024-11-14T15:58:41+00:00","twitter_card":"summary_large_image","twitter_misc":{"Dur\u00e9e de lecture estim\u00e9e":"1 minute"},"schema":{"@context":"https:\/\/schema.org","@graph":[{"@type":"WebPage","@id":"https:\/\/teamnet.intravipur.com\/?page_id=93","url":"https:\/\/teamnet.intravipur.com\/?page_id=93","name":"R\u00e9f\u00e9rences & T\u00e9moignages - Teamnet","isPartOf":{"@id":"http:\/\/teamnet.intravipur.com\/#website"},"datePublished":"2024-06-18T13:04:48+00:00","dateModified":"2024-11-14T15:58:41+00:00","breadcrumb":{"@id":"https:\/\/teamnet.intravipur.com\/?page_id=93#breadcrumb"},"inLanguage":"fr-FR","potentialAction":[{"@type":"ReadAction","target":["https:\/\/teamnet.intravipur.com\/?page_id=93"]}]},{"@type":"BreadcrumbList","@id":"https:\/\/teamnet.intravipur.com\/?page_id=93#breadcrumb","itemListElement":[{"@type":"ListItem","position":1,"name":"Accueil","item":"http:\/\/teamnet.intravipur.com\/"},{"@type":"ListItem","position":2,"name":"R\u00e9f\u00e9rences &#038; T\u00e9moignages"}]},{"@type":"WebSite","@id":"http:\/\/teamnet.intravipur.com\/#website","url":"http:\/\/teamnet.intravipur.com\/","name":"Teamnet","description":"","publisher":{"@id":"http:\/\/teamnet.intravipur.com\/#organization"},"potentialAction":[{"@type":"SearchAction","target":{"@type":"EntryPoint","urlTemplate":"http:\/\/teamnet.intravipur.com\/?s={search_term_string}"},"query-input":{"@type":"PropertyValueSpecification","valueRequired":true,"valueName":"search_term_string"}}],"inLanguage":"fr-FR"},{"@type":"Organization","@id":"http:\/\/teamnet.intravipur.com\/#organization","name":"Teamnet","url":"http:\/\/teamnet.intravipur.com\/","logo":{"@type":"ImageObject","inLanguage":"fr-FR","@id":"http:\/\/teamnet.intravipur.com\/#\/schema\/logo\/image\/","url":"https:\/\/teamnet.intravipur.com\/wp-content\/uploads\/2024\/06\/logo-teamnet.png","contentUrl":"https:\/\/teamnet.intravipur.com\/wp-content\/uploads\/2024\/06\/logo-teamnet.png","width":321,"height":121,"caption":"Teamnet"},"image":{"@id":"http:\/\/teamnet.intravipur.com\/#\/schema\/logo\/image\/"}}]}},"_links":{"self":[{"href":"https:\/\/teamnet.intravipur.com\/index.php?rest_route=\/wp\/v2\/pages\/93","targetHints":{"allow":["GET"]}}],"collection":[{"href":"https:\/\/teamnet.intravipur.com\/index.php?rest_route=\/wp\/v2\/pages"}],"about":[{"href":"https:\/\/teamnet.intravipur.com\/index.php?rest_route=\/wp\/v2\/types\/page"}],"author":[{"embeddable":true,"href":"https:\/\/teamnet.intravipur.com\/index.php?rest_route=\/wp\/v2\/users\/1"}],"replies":[{"embeddable":true,"href":"https:\/\/teamnet.intravipur.com\/index.php?rest_route=%2Fwp%2Fv2%2Fcomments&post=93"}],"version-history":[{"count":4,"href":"https:\/\/teamnet.intravipur.com\/index.php?rest_route=\/wp\/v2\/pages\/93\/revisions"}],"predecessor-version":[{"id":1108,"href":"https:\/\/teamnet.intravipur.com\/index.php?rest_route=\/wp\/v2\/pages\/93\/revisions\/1108"}],"wp:attachment":[{"href":"https:\/\/teamnet.intravipur.com\/index.php?rest_route=%2Fwp%2Fv2%2Fmedia&parent=93"}],"curies":[{"name":"wp","href":"https:\/\/api.w.org\/{rel}","templated":true}]}}