{"id":84,"date":"2024-06-18T13:04:48","date_gmt":"2024-06-18T13:04:48","guid":{"rendered":"http:\/\/teamnet.intravipur.com\/?page_id=84"},"modified":"2024-11-14T16:51:31","modified_gmt":"2024-11-14T15:51:31","slug":"reunion-de-lancement-specification-du-parametrage","status":"publish","type":"page","link":"https:\/\/teamnet.intravipur.com\/?page_id=84","title":{"rendered":"R\u00e9union de lancement &#8211; Sp\u00e9cification du param\u00e9trage"},"content":{"rendered":"\t\t<div data-elementor-type=\"wp-page\" data-elementor-id=\"84\" class=\"elementor elementor-84\" data-elementor-post-type=\"page\">\n\t\t\t\t<div class=\"elementor-element elementor-element-151d52e9 e-flex e-con-boxed e-con e-parent\" data-id=\"151d52e9\" data-element_type=\"container\" data-e-type=\"container\">\n\t\t\t\t\t<div class=\"e-con-inner\">\n\t\t\t\t<div class=\"elementor-element elementor-element-c186f63 elementor-align-left elementor-widget elementor-widget-breadcrumbs\" data-id=\"c186f63\" data-element_type=\"widget\" data-e-type=\"widget\" data-widget_type=\"breadcrumbs.default\">\n\t\t\t\t<div class=\"elementor-widget-container\">\n\t\t\t\t\t<p id=\"breadcrumbs\"><span><span><a href=\"http:\/\/teamnet.intravipur.com\/\">Accueil<\/a><\/span><\/span><\/p>\t\t\t\t<\/div>\n\t\t\t\t<\/div>\n\t\t\t\t\t<\/div>\n\t\t\t\t<\/div>\n\t\t<div class=\"elementor-element elementor-element-7623d264 e-flex e-con-boxed e-con e-parent\" data-id=\"7623d264\" data-element_type=\"container\" data-e-type=\"container\">\n\t\t\t\t\t<div class=\"e-con-inner\">\n\t\t\t\t<div class=\"elementor-element elementor-element-55d464f5 elementor-widget elementor-widget-heading\" data-id=\"55d464f5\" data-element_type=\"widget\" data-e-type=\"widget\" data-widget_type=\"heading.default\">\n\t\t\t\t<div class=\"elementor-widget-container\">\n\t\t\t\t\t<h1 class=\"elementor-heading-title elementor-size-default\">Statuas statuas ad se Ascraeus commendari quam haec quasi ascensus rem factorum commendari ex ad ?<\/h1>\t\t\t\t<\/div>\n\t\t\t\t<\/div>\n\t\t\t\t\t<\/div>\n\t\t\t\t<\/div>\n\t\t<div class=\"elementor-element elementor-element-64000dcd e-grid e-con-boxed e-con e-parent\" data-id=\"64000dcd\" data-element_type=\"container\" data-e-type=\"container\">\n\t\t\t\t\t<div class=\"e-con-inner\">\n\t\t<div class=\"elementor-element elementor-element-5a1d1874 e-con-full e-flex e-con e-child\" data-id=\"5a1d1874\" data-element_type=\"container\" data-e-type=\"container\">\n\t\t\t\t<div class=\"elementor-element elementor-element-10aa35f border-title elementor-widget elementor-widget-heading\" data-id=\"10aa35f\" data-element_type=\"widget\" data-e-type=\"widget\" data-widget_type=\"heading.default\">\n\t\t\t\t<div class=\"elementor-widget-container\">\n\t\t\t\t\t<h2 class=\"elementor-heading-title elementor-size-default\">Vos besoins<\/h2>\t\t\t\t<\/div>\n\t\t\t\t<\/div>\n\t\t\t\t<div class=\"elementor-element elementor-element-3b06f105 elementor-widget elementor-widget-text-editor\" data-id=\"3b06f105\" data-element_type=\"widget\" data-e-type=\"widget\" data-widget_type=\"text-editor.default\">\n\t\t\t\t<div class=\"elementor-widget-container\">\n\t\t\t\t\t\t\t\t\t<p>Lorem ipsum dolor sit amet, consetetur sadipscing elitr, sed diam nonumy eirmod tempor invidunt ut <strong>labore et dolore magna aliquyam erat, sed diam<\/strong> voluptua. At vero eos et accusam et justo duo dolores et ea rebum. Stet clita kasd gubergren.<br \/><br \/>No sea takimata sanctus est <strong>Lorem ipsum dolor sit amet<\/strong>. Lorem ipsum dolor sit amet, consetetur sadipscing elitr, sed diam nonumy eirmod tempor invidunt ut labore et dolore magna aliquyam erat, sed <strong>diam voluptua<\/strong>. At vero eos et accusam et justo duo dolores et ea rebum. Stet clita kasd gubergren, no sea takimata sanctus est Lorem ipsum dolor sit amet.<\/p>\t\t\t\t\t\t\t\t<\/div>\n\t\t\t\t<\/div>\n\t\t\t\t<\/div>\n\t\t<div class=\"elementor-element elementor-element-7e7904e2 e-con-full e-flex e-con e-child\" data-id=\"7e7904e2\" data-element_type=\"container\" data-e-type=\"container\">\n\t\t\t\t<div class=\"elementor-element elementor-element-310bd496 border-title elementor-widget elementor-widget-heading\" data-id=\"310bd496\" data-element_type=\"widget\" data-e-type=\"widget\" data-widget_type=\"heading.default\">\n\t\t\t\t<div class=\"elementor-widget-container\">\n\t\t\t\t\t<h2 class=\"elementor-heading-title elementor-size-default\">Nos solutions<\/h2>\t\t\t\t<\/div>\n\t\t\t\t<\/div>\n\t\t\t\t<div class=\"elementor-element elementor-element-f0b5452 elementor-widget elementor-widget-text-editor\" data-id=\"f0b5452\" data-element_type=\"widget\" data-e-type=\"widget\" data-widget_type=\"text-editor.default\">\n\t\t\t\t<div class=\"elementor-widget-container\">\n\t\t\t\t\t\t\t\t\t<p>Lorem ipsum dolor sit amet, consetetur sadipscing elitr, sed diam\u00a0<br \/>nonumy eirmod tempor invidunt ut labore et dolore magna aliquyam\u00a0<br \/>erat, <strong>sed diam voluptua<\/strong>. At vero eos et accusam et justo duo dolores\u00a0<br \/>et ea rebum. Stet clita kasd gubergren, <strong>no sea takimata sanctus est\u00a0<\/strong><br \/><strong>Lorem ipsum dolor sit amet. Lorem ipsum dolor sit amet<\/strong>.<br \/><br \/>Lorem ipsum dolor sit amet, consetetur sadipscing elitr, sed diam\u00a0<br \/>nonumy <strong>eirmod tempor invidunt ut labore et dolore magna\u00a0<\/strong><br \/><strong>aliquyam<\/strong> erat, sed diam voluptua. At vero eos et accusam et justo duo\u00a0<br \/>dolores et ea rebum. Stet clita kasd gubergren.<\/p>\t\t\t\t\t\t\t\t<\/div>\n\t\t\t\t<\/div>\n\t\t\t\t<\/div>\n\t\t\t\t\t<\/div>\n\t\t\t\t<\/div>\n\t\t<div class=\"elementor-element elementor-element-518c9a4d e-grid e-con-boxed e-con e-parent\" data-id=\"518c9a4d\" data-element_type=\"container\" data-e-type=\"container\">\n\t\t\t\t\t<div class=\"e-con-inner\">\n\t\t\t\t<div class=\"elementor-element elementor-element-75cb55c1 elementor-widget elementor-widget-image\" data-id=\"75cb55c1\" data-element_type=\"widget\" data-e-type=\"widget\" data-widget_type=\"image.default\">\n\t\t\t\t<div class=\"elementor-widget-container\">\n\t\t\t\t\t\t\t\t\t\t\t\t\t\t\t<img fetchpriority=\"high\" decoding=\"async\" width=\"492\" height=\"331\" src=\"https:\/\/teamnet.intravipur.com\/wp-content\/uploads\/2024\/11\/adobestock_447901344_preview.png\" class=\"attachment-large size-large wp-image-807\" alt=\"\" srcset=\"https:\/\/teamnet.intravipur.com\/wp-content\/uploads\/2024\/11\/adobestock_447901344_preview.png 492w, https:\/\/teamnet.intravipur.com\/wp-content\/uploads\/2024\/11\/adobestock_447901344_preview-300x202.png 300w\" sizes=\"(max-width: 492px) 100vw, 492px\" \/>\t\t\t\t\t\t\t\t\t\t\t\t\t\t\t<\/div>\n\t\t\t\t<\/div>\n\t\t\t\t<div class=\"elementor-element elementor-element-160c8ead elementor-widget elementor-widget-image\" data-id=\"160c8ead\" data-element_type=\"widget\" data-e-type=\"widget\" data-widget_type=\"image.default\">\n\t\t\t\t<div class=\"elementor-widget-container\">\n\t\t\t\t\t\t\t\t\t\t\t\t\t\t\t<img decoding=\"async\" width=\"492\" height=\"331\" src=\"https:\/\/teamnet.intravipur.com\/wp-content\/uploads\/2024\/11\/adobestock_172271446_preview.png\" class=\"attachment-large size-large wp-image-810\" alt=\"\" srcset=\"https:\/\/teamnet.intravipur.com\/wp-content\/uploads\/2024\/11\/adobestock_172271446_preview.png 492w, https:\/\/teamnet.intravipur.com\/wp-content\/uploads\/2024\/11\/adobestock_172271446_preview-300x202.png 300w\" sizes=\"(max-width: 492px) 100vw, 492px\" \/>\t\t\t\t\t\t\t\t\t\t\t\t\t\t\t<\/div>\n\t\t\t\t<\/div>\n\t\t<div class=\"elementor-element elementor-element-6e0f6674 e-con-full e-flex e-con e-child\" data-id=\"6e0f6674\" data-element_type=\"container\" data-e-type=\"container\">\n\t\t\t\t<div class=\"elementor-element elementor-element-55e215e3 elementor-align-left elementor-widget elementor-widget-button\" data-id=\"55e215e3\" data-element_type=\"widget\" data-e-type=\"widget\" data-widget_type=\"button.default\">\n\t\t\t\t<div class=\"elementor-widget-container\">\n\t\t\t\t\t\t\t\t\t<div class=\"elementor-button-wrapper\">\n\t\t\t\t\t<a class=\"elementor-button elementor-button-link elementor-size-sm\" href=\"#\">\n\t\t\t\t\t\t<span class=\"elementor-button-content-wrapper\">\n\t\t\t\t\t\t<span class=\"elementor-button-icon\">\n\t\t\t\t<svg aria-hidden=\"true\" class=\"e-font-icon-svg e-fas-plus-circle\" viewBox=\"0 0 512 512\" xmlns=\"http:\/\/www.w3.org\/2000\/svg\"><path d=\"M256 8C119 8 8 119 8 256s111 248 248 248 248-111 248-248S393 8 256 8zm144 276c0 6.6-5.4 12-12 12h-92v92c0 6.6-5.4 12-12 12h-56c-6.6 0-12-5.4-12-12v-92h-92c-6.6 0-12-5.4-12-12v-56c0-6.6 5.4-12 12-12h92v-92c0-6.6 5.4-12 12-12h56c6.6 0 12 5.4 12 12v92h92c6.6 0 12 5.4 12 12v56z\"><\/path><\/svg>\t\t\t<\/span>\n\t\t\t\t\t\t\t\t\t<span class=\"elementor-button-text\">Notre solution en d\u00e9tails<\/span>\n\t\t\t\t\t<\/span>\n\t\t\t\t\t<\/a>\n\t\t\t\t<\/div>\n\t\t\t\t\t\t\t\t<\/div>\n\t\t\t\t<\/div>\n\t\t\t\t<div class=\"elementor-element elementor-element-1eaa5449 elementor-align-left elementor-widget elementor-widget-button\" data-id=\"1eaa5449\" data-element_type=\"widget\" data-e-type=\"widget\" data-widget_type=\"button.default\">\n\t\t\t\t<div class=\"elementor-widget-container\">\n\t\t\t\t\t\t\t\t\t<div class=\"elementor-button-wrapper\">\n\t\t\t\t\t<a class=\"elementor-button elementor-button-link elementor-size-sm\" href=\"#\">\n\t\t\t\t\t\t<span class=\"elementor-button-content-wrapper\">\n\t\t\t\t\t\t<span class=\"elementor-button-icon\">\n\t\t\t\t<svg aria-hidden=\"true\" class=\"e-font-icon-svg e-fas-file-alt\" viewBox=\"0 0 384 512\" xmlns=\"http:\/\/www.w3.org\/2000\/svg\"><path d=\"M224 136V0H24C10.7 0 0 10.7 0 24v464c0 13.3 10.7 24 24 24h336c13.3 0 24-10.7 24-24V160H248c-13.2 0-24-10.8-24-24zm64 236c0 6.6-5.4 12-12 12H108c-6.6 0-12-5.4-12-12v-8c0-6.6 5.4-12 12-12h168c6.6 0 12 5.4 12 12v8zm0-64c0 6.6-5.4 12-12 12H108c-6.6 0-12-5.4-12-12v-8c0-6.6 5.4-12 12-12h168c6.6 0 12 5.4 12 12v8zm0-72v8c0 6.6-5.4 12-12 12H108c-6.6 0-12-5.4-12-12v-8c0-6.6 5.4-12 12-12h168c6.6 0 12 5.4 12 12zm96-114.1v6.1H256V0h6.1c6.4 0 12.5 2.5 17 7l97.9 98c4.5 4.5 7 10.6 7 16.9z\"><\/path><\/svg>\t\t\t<\/span>\n\t\t\t\t\t\t\t\t\t<span class=\"elementor-button-text\">Guide Conseil<\/span>\n\t\t\t\t\t<\/span>\n\t\t\t\t\t<\/a>\n\t\t\t\t<\/div>\n\t\t\t\t\t\t\t\t<\/div>\n\t\t\t\t<\/div>\n\t\t\t\t<div class=\"elementor-element elementor-element-7d22d1eb elementor-align-left elementor-widget elementor-widget-button\" data-id=\"7d22d1eb\" data-element_type=\"widget\" data-e-type=\"widget\" data-widget_type=\"button.default\">\n\t\t\t\t<div class=\"elementor-widget-container\">\n\t\t\t\t\t\t\t\t\t<div class=\"elementor-button-wrapper\">\n\t\t\t\t\t<a class=\"elementor-button elementor-button-link elementor-size-sm\" href=\"#\">\n\t\t\t\t\t\t<span class=\"elementor-button-content-wrapper\">\n\t\t\t\t\t\t<span class=\"elementor-button-icon\">\n\t\t\t\t<svg aria-hidden=\"true\" class=\"e-font-icon-svg e-fas-video\" viewBox=\"0 0 576 512\" xmlns=\"http:\/\/www.w3.org\/2000\/svg\"><path d=\"M336.2 64H47.8C21.4 64 0 85.4 0 111.8v288.4C0 426.6 21.4 448 47.8 448h288.4c26.4 0 47.8-21.4 47.8-47.8V111.8c0-26.4-21.4-47.8-47.8-47.8zm189.4 37.7L416 177.3v157.4l109.6 75.5c21.2 14.6 50.4-.3 50.4-25.8V127.5c0-25.4-29.1-40.4-50.4-25.8z\"><\/path><\/svg>\t\t\t<\/span>\n\t\t\t\t\t\t\t\t\t<span class=\"elementor-button-text\">D\u00e9mo en ligne<\/span>\n\t\t\t\t\t<\/span>\n\t\t\t\t\t<\/a>\n\t\t\t\t<\/div>\n\t\t\t\t\t\t\t\t<\/div>\n\t\t\t\t<\/div>\n\t\t\t\t<\/div>\n\t\t\t\t\t<\/div>\n\t\t\t\t<\/div>\n\t\t<div class=\"elementor-element elementor-element-5c21b61d e-flex e-con-boxed e-con e-parent\" data-id=\"5c21b61d\" data-element_type=\"container\" data-e-type=\"container\" data-settings=\"{&quot;background_background&quot;:&quot;classic&quot;}\">\n\t\t\t\t\t<div class=\"e-con-inner\">\n\t\t<div class=\"elementor-element elementor-element-163f9462 e-con-full e-flex e-con e-child\" data-id=\"163f9462\" data-element_type=\"container\" data-e-type=\"container\">\n\t\t\t\t<div class=\"elementor-element elementor-element-3baec119 elementor-widget elementor-widget-button\" data-id=\"3baec119\" data-element_type=\"widget\" data-e-type=\"widget\" data-widget_type=\"button.default\">\n\t\t\t\t<div class=\"elementor-widget-container\">\n\t\t\t\t\t\t\t\t\t<div class=\"elementor-button-wrapper\">\n\t\t\t\t\t<a class=\"elementor-button elementor-button-link elementor-size-sm\" href=\"#\">\n\t\t\t\t\t\t<span class=\"elementor-button-content-wrapper\">\n\t\t\t\t\t\t<span class=\"elementor-button-icon\">\n\t\t\t\t<svg aria-hidden=\"true\" class=\"e-font-icon-svg e-fas-caret-right\" viewBox=\"0 0 192 512\" xmlns=\"http:\/\/www.w3.org\/2000\/svg\"><path d=\"M0 384.662V127.338c0-17.818 21.543-26.741 34.142-14.142l128.662 128.662c7.81 7.81 7.81 20.474 0 28.284L34.142 398.804C21.543 411.404 0 402.48 0 384.662z\"><\/path><\/svg>\t\t\t<\/span>\n\t\t\t\t\t\t\t\t\t<span class=\"elementor-button-text\">D\u00e9mo en direct<\/span>\n\t\t\t\t\t<\/span>\n\t\t\t\t\t<\/a>\n\t\t\t\t<\/div>\n\t\t\t\t\t\t\t\t<\/div>\n\t\t\t\t<\/div>\n\t\t\t\t<\/div>\n\t\t<div class=\"elementor-element elementor-element-4209dce6 e-con-full e-flex e-con e-child\" data-id=\"4209dce6\" data-element_type=\"container\" data-e-type=\"container\">\n\t\t\t\t<div class=\"elementor-element elementor-element-4cd101c6 elementor-widget elementor-widget-text-editor\" data-id=\"4cd101c6\" data-element_type=\"widget\" data-e-type=\"widget\" data-widget_type=\"text-editor.default\">\n\t\t\t\t<div class=\"elementor-widget-container\">\n\t\t\t\t\t\t\t\t\t<p>Demandez votre d\u00e9mo en direct maintenant !<\/p>\t\t\t\t\t\t\t\t<\/div>\n\t\t\t\t<\/div>\n\t\t\t\t<\/div>\n\t\t\t\t\t<\/div>\n\t\t\t\t<\/div>\n\t\t\t\t<\/div>\n\t\t","protected":false},"excerpt":{"rendered":"<p>Statuas statuas ad se Ascraeus commendari quam haec quasi ascensus rem factorum commendari ex ad ? Vos besoins Lorem ipsum dolor sit amet, consetetur sadipscing elitr, sed diam nonumy eirmod tempor invidunt ut labore et dolore magna aliquyam erat, sed diam voluptua. At vero eos et accusam et justo duo dolores et ea rebum. Stet [&hellip;]<\/p>\n","protected":false},"author":1,"featured_media":0,"parent":0,"menu_order":0,"comment_status":"closed","ping_status":"closed","template":"","meta":{"footnotes":""},"class_list":["post-84","page","type-page","status-publish","hentry"],"yoast_head":"<!-- This site is optimized with the Yoast SEO plugin v27.1.1 - https:\/\/yoast.com\/product\/yoast-seo-wordpress\/ -->\n<title>R\u00e9union de lancement - Sp\u00e9cification du param\u00e9trage - Teamnet<\/title>\n<meta name=\"robots\" content=\"index, follow, max-snippet:-1, max-image-preview:large, max-video-preview:-1\" \/>\n<link rel=\"canonical\" href=\"https:\/\/teamnet.intravipur.com\/?page_id=84\" \/>\n<meta property=\"og:locale\" content=\"fr_FR\" \/>\n<meta property=\"og:type\" content=\"article\" \/>\n<meta property=\"og:title\" content=\"R\u00e9union de lancement - Sp\u00e9cification du param\u00e9trage - Teamnet\" \/>\n<meta property=\"og:description\" content=\"Statuas statuas ad se Ascraeus commendari quam haec quasi ascensus rem factorum commendari ex ad ? Vos besoins Lorem ipsum dolor sit amet, consetetur sadipscing elitr, sed diam nonumy eirmod tempor invidunt ut labore et dolore magna aliquyam erat, sed diam voluptua. At vero eos et accusam et justo duo dolores et ea rebum. Stet [&hellip;]\" \/>\n<meta property=\"og:url\" content=\"https:\/\/teamnet.intravipur.com\/?page_id=84\" \/>\n<meta property=\"og:site_name\" content=\"Teamnet\" \/>\n<meta property=\"article:modified_time\" content=\"2024-11-14T15:51:31+00:00\" \/>\n<meta property=\"og:image\" content=\"http:\/\/teamnet.intravipur.com\/wp-content\/uploads\/2024\/11\/adobestock_447901344_preview.png\" \/>\n<meta name=\"twitter:card\" content=\"summary_large_image\" \/>\n<script type=\"application\/ld+json\" class=\"yoast-schema-graph\">{\"@context\":\"https:\/\/schema.org\",\"@graph\":[{\"@type\":\"WebPage\",\"@id\":\"https:\/\/teamnet.intravipur.com\/?page_id=84\",\"url\":\"https:\/\/teamnet.intravipur.com\/?page_id=84\",\"name\":\"R\u00e9union de lancement - Sp\u00e9cification du param\u00e9trage - Teamnet\",\"isPartOf\":{\"@id\":\"http:\/\/teamnet.intravipur.com\/#website\"},\"primaryImageOfPage\":{\"@id\":\"https:\/\/teamnet.intravipur.com\/?page_id=84#primaryimage\"},\"image\":{\"@id\":\"https:\/\/teamnet.intravipur.com\/?page_id=84#primaryimage\"},\"thumbnailUrl\":\"http:\/\/teamnet.intravipur.com\/wp-content\/uploads\/2024\/11\/adobestock_447901344_preview.png\",\"datePublished\":\"2024-06-18T13:04:48+00:00\",\"dateModified\":\"2024-11-14T15:51:31+00:00\",\"breadcrumb\":{\"@id\":\"https:\/\/teamnet.intravipur.com\/?page_id=84#breadcrumb\"},\"inLanguage\":\"fr-FR\",\"potentialAction\":[{\"@type\":\"ReadAction\",\"target\":[\"https:\/\/teamnet.intravipur.com\/?page_id=84\"]}]},{\"@type\":\"ImageObject\",\"inLanguage\":\"fr-FR\",\"@id\":\"https:\/\/teamnet.intravipur.com\/?page_id=84#primaryimage\",\"url\":\"https:\/\/teamnet.intravipur.com\/wp-content\/uploads\/2024\/11\/adobestock_447901344_preview.png\",\"contentUrl\":\"https:\/\/teamnet.intravipur.com\/wp-content\/uploads\/2024\/11\/adobestock_447901344_preview.png\",\"width\":492,\"height\":331},{\"@type\":\"BreadcrumbList\",\"@id\":\"https:\/\/teamnet.intravipur.com\/?page_id=84#breadcrumb\",\"itemListElement\":[{\"@type\":\"ListItem\",\"position\":1,\"name\":\"Accueil\",\"item\":\"http:\/\/teamnet.intravipur.com\/\"},{\"@type\":\"ListItem\",\"position\":2,\"name\":\"R\u00e9union de lancement &#8211; Sp\u00e9cification du param\u00e9trage\"}]},{\"@type\":\"WebSite\",\"@id\":\"http:\/\/teamnet.intravipur.com\/#website\",\"url\":\"http:\/\/teamnet.intravipur.com\/\",\"name\":\"Teamnet\",\"description\":\"\",\"publisher\":{\"@id\":\"http:\/\/teamnet.intravipur.com\/#organization\"},\"potentialAction\":[{\"@type\":\"SearchAction\",\"target\":{\"@type\":\"EntryPoint\",\"urlTemplate\":\"http:\/\/teamnet.intravipur.com\/?s={search_term_string}\"},\"query-input\":{\"@type\":\"PropertyValueSpecification\",\"valueRequired\":true,\"valueName\":\"search_term_string\"}}],\"inLanguage\":\"fr-FR\"},{\"@type\":\"Organization\",\"@id\":\"http:\/\/teamnet.intravipur.com\/#organization\",\"name\":\"Teamnet\",\"url\":\"http:\/\/teamnet.intravipur.com\/\",\"logo\":{\"@type\":\"ImageObject\",\"inLanguage\":\"fr-FR\",\"@id\":\"http:\/\/teamnet.intravipur.com\/#\/schema\/logo\/image\/\",\"url\":\"https:\/\/teamnet.intravipur.com\/wp-content\/uploads\/2024\/06\/logo-teamnet.png\",\"contentUrl\":\"https:\/\/teamnet.intravipur.com\/wp-content\/uploads\/2024\/06\/logo-teamnet.png\",\"width\":321,\"height\":121,\"caption\":\"Teamnet\"},\"image\":{\"@id\":\"http:\/\/teamnet.intravipur.com\/#\/schema\/logo\/image\/\"}}]}<\/script>\n<!-- \/ Yoast SEO plugin. -->","yoast_head_json":{"title":"R\u00e9union de lancement - Sp\u00e9cification du param\u00e9trage - Teamnet","robots":{"index":"index","follow":"follow","max-snippet":"max-snippet:-1","max-image-preview":"max-image-preview:large","max-video-preview":"max-video-preview:-1"},"canonical":"https:\/\/teamnet.intravipur.com\/?page_id=84","og_locale":"fr_FR","og_type":"article","og_title":"R\u00e9union de lancement - Sp\u00e9cification du param\u00e9trage - Teamnet","og_description":"Statuas statuas ad se Ascraeus commendari quam haec quasi ascensus rem factorum commendari ex ad ? Vos besoins Lorem ipsum dolor sit amet, consetetur sadipscing elitr, sed diam nonumy eirmod tempor invidunt ut labore et dolore magna aliquyam erat, sed diam voluptua. At vero eos et accusam et justo duo dolores et ea rebum. Stet [&hellip;]","og_url":"https:\/\/teamnet.intravipur.com\/?page_id=84","og_site_name":"Teamnet","article_modified_time":"2024-11-14T15:51:31+00:00","og_image":[{"url":"http:\/\/teamnet.intravipur.com\/wp-content\/uploads\/2024\/11\/adobestock_447901344_preview.png","type":"","width":"","height":""}],"twitter_card":"summary_large_image","schema":{"@context":"https:\/\/schema.org","@graph":[{"@type":"WebPage","@id":"https:\/\/teamnet.intravipur.com\/?page_id=84","url":"https:\/\/teamnet.intravipur.com\/?page_id=84","name":"R\u00e9union de lancement - Sp\u00e9cification du param\u00e9trage - Teamnet","isPartOf":{"@id":"http:\/\/teamnet.intravipur.com\/#website"},"primaryImageOfPage":{"@id":"https:\/\/teamnet.intravipur.com\/?page_id=84#primaryimage"},"image":{"@id":"https:\/\/teamnet.intravipur.com\/?page_id=84#primaryimage"},"thumbnailUrl":"http:\/\/teamnet.intravipur.com\/wp-content\/uploads\/2024\/11\/adobestock_447901344_preview.png","datePublished":"2024-06-18T13:04:48+00:00","dateModified":"2024-11-14T15:51:31+00:00","breadcrumb":{"@id":"https:\/\/teamnet.intravipur.com\/?page_id=84#breadcrumb"},"inLanguage":"fr-FR","potentialAction":[{"@type":"ReadAction","target":["https:\/\/teamnet.intravipur.com\/?page_id=84"]}]},{"@type":"ImageObject","inLanguage":"fr-FR","@id":"https:\/\/teamnet.intravipur.com\/?page_id=84#primaryimage","url":"https:\/\/teamnet.intravipur.com\/wp-content\/uploads\/2024\/11\/adobestock_447901344_preview.png","contentUrl":"https:\/\/teamnet.intravipur.com\/wp-content\/uploads\/2024\/11\/adobestock_447901344_preview.png","width":492,"height":331},{"@type":"BreadcrumbList","@id":"https:\/\/teamnet.intravipur.com\/?page_id=84#breadcrumb","itemListElement":[{"@type":"ListItem","position":1,"name":"Accueil","item":"http:\/\/teamnet.intravipur.com\/"},{"@type":"ListItem","position":2,"name":"R\u00e9union de lancement &#8211; Sp\u00e9cification du param\u00e9trage"}]},{"@type":"WebSite","@id":"http:\/\/teamnet.intravipur.com\/#website","url":"http:\/\/teamnet.intravipur.com\/","name":"Teamnet","description":"","publisher":{"@id":"http:\/\/teamnet.intravipur.com\/#organization"},"potentialAction":[{"@type":"SearchAction","target":{"@type":"EntryPoint","urlTemplate":"http:\/\/teamnet.intravipur.com\/?s={search_term_string}"},"query-input":{"@type":"PropertyValueSpecification","valueRequired":true,"valueName":"search_term_string"}}],"inLanguage":"fr-FR"},{"@type":"Organization","@id":"http:\/\/teamnet.intravipur.com\/#organization","name":"Teamnet","url":"http:\/\/teamnet.intravipur.com\/","logo":{"@type":"ImageObject","inLanguage":"fr-FR","@id":"http:\/\/teamnet.intravipur.com\/#\/schema\/logo\/image\/","url":"https:\/\/teamnet.intravipur.com\/wp-content\/uploads\/2024\/06\/logo-teamnet.png","contentUrl":"https:\/\/teamnet.intravipur.com\/wp-content\/uploads\/2024\/06\/logo-teamnet.png","width":321,"height":121,"caption":"Teamnet"},"image":{"@id":"http:\/\/teamnet.intravipur.com\/#\/schema\/logo\/image\/"}}]}},"_links":{"self":[{"href":"https:\/\/teamnet.intravipur.com\/index.php?rest_route=\/wp\/v2\/pages\/84","targetHints":{"allow":["GET"]}}],"collection":[{"href":"https:\/\/teamnet.intravipur.com\/index.php?rest_route=\/wp\/v2\/pages"}],"about":[{"href":"https:\/\/teamnet.intravipur.com\/index.php?rest_route=\/wp\/v2\/types\/page"}],"author":[{"embeddable":true,"href":"https:\/\/teamnet.intravipur.com\/index.php?rest_route=\/wp\/v2\/users\/1"}],"replies":[{"embeddable":true,"href":"https:\/\/teamnet.intravipur.com\/index.php?rest_route=%2Fwp%2Fv2%2Fcomments&post=84"}],"version-history":[{"count":4,"href":"https:\/\/teamnet.intravipur.com\/index.php?rest_route=\/wp\/v2\/pages\/84\/revisions"}],"predecessor-version":[{"id":1072,"href":"https:\/\/teamnet.intravipur.com\/index.php?rest_route=\/wp\/v2\/pages\/84\/revisions\/1072"}],"wp:attachment":[{"href":"https:\/\/teamnet.intravipur.com\/index.php?rest_route=%2Fwp%2Fv2%2Fmedia&parent=84"}],"curies":[{"name":"wp","href":"https:\/\/api.w.org\/{rel}","templated":true}]}}