{"id":24,"date":"2024-06-18T12:50:06","date_gmt":"2024-06-18T12:50:06","guid":{"rendered":"http:\/\/teamnet.intravipur.com\/?page_id=24"},"modified":"2024-11-13T09:58:59","modified_gmt":"2024-11-13T08:58:59","slug":"nos-partenaires","status":"publish","type":"page","link":"https:\/\/teamnet.intravipur.com\/?page_id=24","title":{"rendered":"Nos partenaires"},"content":{"rendered":"\t\t<div data-elementor-type=\"wp-page\" data-elementor-id=\"24\" class=\"elementor elementor-24\" data-elementor-post-type=\"page\">\n\t\t\t\t<div class=\"elementor-element elementor-element-00ce70c e-flex e-con-boxed e-con e-parent\" data-id=\"00ce70c\" data-element_type=\"container\" data-e-type=\"container\" data-settings=\"{&quot;background_background&quot;:&quot;classic&quot;}\">\n\t\t\t\t\t<div class=\"e-con-inner\">\n\t\t\t\t<div class=\"elementor-element elementor-element-12f3e29 elementor-widget elementor-widget-heading\" data-id=\"12f3e29\" data-element_type=\"widget\" data-e-type=\"widget\" data-widget_type=\"heading.default\">\n\t\t\t\t<div class=\"elementor-widget-container\">\n\t\t\t\t\t<h1 class=\"elementor-heading-title elementor-size-default\">TEAMNET s'entoure des meilleures soci\u00e9t\u00e9s pour mener \u00e0 bien ses diff\u00e9rents projets<\/h1>\t\t\t\t<\/div>\n\t\t\t\t<\/div>\n\t\t\t\t\t<\/div>\n\t\t\t\t<\/div>\n\t\t<div class=\"elementor-element elementor-element-5810f7c2 e-flex e-con-boxed e-con e-parent\" data-id=\"5810f7c2\" data-element_type=\"container\" data-e-type=\"container\">\n\t\t\t\t\t<div class=\"e-con-inner\">\n\t\t\t\t<div class=\"elementor-element elementor-element-24be3ae3 elementor-align-left elementor-widget elementor-widget-breadcrumbs\" data-id=\"24be3ae3\" data-element_type=\"widget\" data-e-type=\"widget\" data-widget_type=\"breadcrumbs.default\">\n\t\t\t\t<div class=\"elementor-widget-container\">\n\t\t\t\t\t<p id=\"breadcrumbs\"><span><span><a href=\"http:\/\/teamnet.intravipur.com\/\">Accueil<\/a><\/span><\/span><\/p>\t\t\t\t<\/div>\n\t\t\t\t<\/div>\n\t\t\t\t\t<\/div>\n\t\t\t\t<\/div>\n\t\t<div class=\"elementor-element elementor-element-952c34e e-flex e-con-boxed e-con e-parent\" data-id=\"952c34e\" data-element_type=\"container\" data-e-type=\"container\">\n\t\t\t\t\t<div class=\"e-con-inner\">\n\t\t\t\t<div class=\"elementor-element elementor-element-f6b4162 elementor-widget elementor-widget-image-gallery\" data-id=\"f6b4162\" data-element_type=\"widget\" data-e-type=\"widget\" data-widget_type=\"image-gallery.default\">\n\t\t\t\t<div class=\"elementor-widget-container\">\n\t\t\t\t\t\t\t<div class=\"elementor-image-gallery\">\n\t\t\t<div id='gallery-1' class='gallery galleryid-24 gallery-columns-4 gallery-size-thumbnail'><figure class='gallery-item'>\n\t\t\t<div class='gallery-icon landscape'>\n\t\t\t\t<img decoding=\"async\" width=\"150\" height=\"150\" src=\"https:\/\/teamnet.intravipur.com\/wp-content\/uploads\/2024\/11\/teamnet-logo-systempay.jpg\" class=\"attachment-thumbnail size-thumbnail\" alt=\"\" \/>\n\t\t\t<\/div><\/figure><figure class='gallery-item'>\n\t\t\t<div class='gallery-icon landscape'>\n\t\t\t\t<img decoding=\"async\" width=\"150\" height=\"150\" src=\"https:\/\/teamnet.intravipur.com\/wp-content\/uploads\/2024\/11\/teamnet-logo-pointbox.jpg\" class=\"attachment-thumbnail size-thumbnail\" alt=\"\" \/>\n\t\t\t<\/div><\/figure><figure class='gallery-item'>\n\t\t\t<div class='gallery-icon landscape'>\n\t\t\t\t<img decoding=\"async\" width=\"150\" height=\"150\" src=\"https:\/\/teamnet.intravipur.com\/wp-content\/uploads\/2024\/11\/teamnet-logo-libreair.jpg\" class=\"attachment-thumbnail size-thumbnail\" alt=\"\" \/>\n\t\t\t<\/div><\/figure><figure class='gallery-item'>\n\t\t\t<div class='gallery-icon landscape'>\n\t\t\t\t<img loading=\"lazy\" decoding=\"async\" width=\"150\" height=\"150\" src=\"https:\/\/teamnet.intravipur.com\/wp-content\/uploads\/2024\/11\/teamnet-logo-franceconnect.jpg\" class=\"attachment-thumbnail size-thumbnail\" alt=\"\" \/>\n\t\t\t<\/div><\/figure><figure class='gallery-item'>\n\t\t\t<div class='gallery-icon landscape'>\n\t\t\t\t<img loading=\"lazy\" decoding=\"async\" width=\"150\" height=\"150\" src=\"https:\/\/teamnet.intravipur.com\/wp-content\/uploads\/2024\/11\/teamnet-logo-oci.jpg\" class=\"attachment-thumbnail size-thumbnail\" alt=\"\" \/>\n\t\t\t<\/div><\/figure><figure class='gallery-item'>\n\t\t\t<div class='gallery-icon landscape'>\n\t\t\t\t<img loading=\"lazy\" decoding=\"async\" width=\"150\" height=\"150\" src=\"https:\/\/teamnet.intravipur.com\/wp-content\/uploads\/2024\/11\/teamnet-logo-gig.jpg\" class=\"attachment-thumbnail size-thumbnail\" alt=\"\" \/>\n\t\t\t<\/div><\/figure><figure class='gallery-item'>\n\t\t\t<div class='gallery-icon landscape'>\n\t\t\t\t<img loading=\"lazy\" decoding=\"async\" width=\"150\" height=\"150\" src=\"https:\/\/teamnet.intravipur.com\/wp-content\/uploads\/2024\/11\/teamnet-logo-horanet.jpg\" class=\"attachment-thumbnail size-thumbnail\" alt=\"\" \/>\n\t\t\t<\/div><\/figure><figure class='gallery-item'>\n\t\t\t<div class='gallery-icon landscape'>\n\t\t\t\t<img loading=\"lazy\" decoding=\"async\" width=\"150\" height=\"150\" src=\"https:\/\/teamnet.intravipur.com\/wp-content\/uploads\/2024\/11\/teamnet-logo-sms.jpg\" class=\"attachment-thumbnail size-thumbnail\" alt=\"\" \/>\n\t\t\t<\/div><\/figure>\n\t\t<\/div>\n\t\t<\/div>\n\t\t\t\t\t\t<\/div>\n\t\t\t\t<\/div>\n\t\t\t\t\t<\/div>\n\t\t\t\t<\/div>\n\t\t<div class=\"elementor-element elementor-element-7b630fb e-flex e-con-boxed e-con e-parent\" data-id=\"7b630fb\" data-element_type=\"container\" data-e-type=\"container\" data-settings=\"{&quot;background_background&quot;:&quot;classic&quot;}\">\n\t\t\t\t\t<div class=\"e-con-inner\">\n\t\t<div class=\"elementor-element elementor-element-3095216a e-con-full e-flex e-con e-child\" data-id=\"3095216a\" data-element_type=\"container\" data-e-type=\"container\">\n\t\t\t\t<div class=\"elementor-element elementor-element-7914bd34 elementor-widget elementor-widget-button\" data-id=\"7914bd34\" data-element_type=\"widget\" data-e-type=\"widget\" data-widget_type=\"button.default\">\n\t\t\t\t<div class=\"elementor-widget-container\">\n\t\t\t\t\t\t\t\t\t<div class=\"elementor-button-wrapper\">\n\t\t\t\t\t<a class=\"elementor-button elementor-button-link elementor-size-sm\" href=\"#\">\n\t\t\t\t\t\t<span class=\"elementor-button-content-wrapper\">\n\t\t\t\t\t\t<span class=\"elementor-button-icon\">\n\t\t\t\t<svg aria-hidden=\"true\" class=\"e-font-icon-svg e-fas-caret-right\" viewBox=\"0 0 192 512\" xmlns=\"http:\/\/www.w3.org\/2000\/svg\"><path d=\"M0 384.662V127.338c0-17.818 21.543-26.741 34.142-14.142l128.662 128.662c7.81 7.81 7.81 20.474 0 28.284L34.142 398.804C21.543 411.404 0 402.48 0 384.662z\"><\/path><\/svg>\t\t\t<\/span>\n\t\t\t\t\t\t\t\t\t<span class=\"elementor-button-text\">D\u00e9mo en direct<\/span>\n\t\t\t\t\t<\/span>\n\t\t\t\t\t<\/a>\n\t\t\t\t<\/div>\n\t\t\t\t\t\t\t\t<\/div>\n\t\t\t\t<\/div>\n\t\t\t\t<\/div>\n\t\t<div class=\"elementor-element elementor-element-313fcdee e-con-full e-flex e-con e-child\" data-id=\"313fcdee\" data-element_type=\"container\" data-e-type=\"container\">\n\t\t\t\t<div class=\"elementor-element elementor-element-1789c9bb elementor-widget elementor-widget-text-editor\" data-id=\"1789c9bb\" data-element_type=\"widget\" data-e-type=\"widget\" data-widget_type=\"text-editor.default\">\n\t\t\t\t<div class=\"elementor-widget-container\">\n\t\t\t\t\t\t\t\t\t<p>Demandez votre d\u00e9mo en direct maintenant !<\/p>\t\t\t\t\t\t\t\t<\/div>\n\t\t\t\t<\/div>\n\t\t\t\t<\/div>\n\t\t\t\t\t<\/div>\n\t\t\t\t<\/div>\n\t\t\t\t<\/div>\n\t\t","protected":false},"excerpt":{"rendered":"<p>TEAMNET s&rsquo;entoure des meilleures soci\u00e9t\u00e9s pour mener \u00e0 bien ses diff\u00e9rents projets D\u00e9mo en direct Demandez votre d\u00e9mo en direct maintenant !<\/p>\n","protected":false},"author":1,"featured_media":0,"parent":0,"menu_order":0,"comment_status":"closed","ping_status":"closed","template":"","meta":{"footnotes":""},"class_list":["post-24","page","type-page","status-publish","hentry"],"yoast_head":"<!-- This site is optimized with the Yoast SEO plugin v27.1.1 - https:\/\/yoast.com\/product\/yoast-seo-wordpress\/ -->\n<title>Nos partenaires - Teamnet<\/title>\n<meta name=\"robots\" content=\"index, follow, max-snippet:-1, max-image-preview:large, max-video-preview:-1\" \/>\n<link rel=\"canonical\" href=\"https:\/\/teamnet.intravipur.com\/?page_id=24\" \/>\n<meta property=\"og:locale\" content=\"fr_FR\" \/>\n<meta property=\"og:type\" content=\"article\" \/>\n<meta property=\"og:title\" content=\"Nos partenaires - Teamnet\" \/>\n<meta property=\"og:description\" content=\"TEAMNET s&rsquo;entoure des meilleures soci\u00e9t\u00e9s pour mener \u00e0 bien ses diff\u00e9rents projets D\u00e9mo en direct Demandez votre d\u00e9mo en direct maintenant !\" \/>\n<meta property=\"og:url\" content=\"https:\/\/teamnet.intravipur.com\/?page_id=24\" \/>\n<meta property=\"og:site_name\" content=\"Teamnet\" \/>\n<meta property=\"article:modified_time\" content=\"2024-11-13T08:58:59+00:00\" \/>\n<meta property=\"og:image\" content=\"http:\/\/teamnet.intravipur.com\/wp-content\/uploads\/2024\/11\/teamnet-logo-systempay.jpg\" \/>\n<meta name=\"twitter:card\" content=\"summary_large_image\" \/>\n<meta name=\"twitter:label1\" content=\"Dur\u00e9e de lecture estim\u00e9e\" \/>\n\t<meta name=\"twitter:data1\" content=\"2 minutes\" \/>\n<script type=\"application\/ld+json\" class=\"yoast-schema-graph\">{\"@context\":\"https:\/\/schema.org\",\"@graph\":[{\"@type\":\"WebPage\",\"@id\":\"https:\/\/teamnet.intravipur.com\/?page_id=24\",\"url\":\"https:\/\/teamnet.intravipur.com\/?page_id=24\",\"name\":\"Nos partenaires - Teamnet\",\"isPartOf\":{\"@id\":\"http:\/\/teamnet.intravipur.com\/#website\"},\"primaryImageOfPage\":{\"@id\":\"https:\/\/teamnet.intravipur.com\/?page_id=24#primaryimage\"},\"image\":{\"@id\":\"https:\/\/teamnet.intravipur.com\/?page_id=24#primaryimage\"},\"thumbnailUrl\":\"http:\/\/teamnet.intravipur.com\/wp-content\/uploads\/2024\/11\/teamnet-logo-systempay.jpg\",\"datePublished\":\"2024-06-18T12:50:06+00:00\",\"dateModified\":\"2024-11-13T08:58:59+00:00\",\"breadcrumb\":{\"@id\":\"https:\/\/teamnet.intravipur.com\/?page_id=24#breadcrumb\"},\"inLanguage\":\"fr-FR\",\"potentialAction\":[{\"@type\":\"ReadAction\",\"target\":[\"https:\/\/teamnet.intravipur.com\/?page_id=24\"]}]},{\"@type\":\"ImageObject\",\"inLanguage\":\"fr-FR\",\"@id\":\"https:\/\/teamnet.intravipur.com\/?page_id=24#primaryimage\",\"url\":\"https:\/\/teamnet.intravipur.com\/wp-content\/uploads\/2024\/11\/teamnet-logo-systempay.jpg\",\"contentUrl\":\"https:\/\/teamnet.intravipur.com\/wp-content\/uploads\/2024\/11\/teamnet-logo-systempay.jpg\",\"width\":150,\"height\":150},{\"@type\":\"BreadcrumbList\",\"@id\":\"https:\/\/teamnet.intravipur.com\/?page_id=24#breadcrumb\",\"itemListElement\":[{\"@type\":\"ListItem\",\"position\":1,\"name\":\"Accueil\",\"item\":\"http:\/\/teamnet.intravipur.com\/\"},{\"@type\":\"ListItem\",\"position\":2,\"name\":\"Nos partenaires\"}]},{\"@type\":\"WebSite\",\"@id\":\"http:\/\/teamnet.intravipur.com\/#website\",\"url\":\"http:\/\/teamnet.intravipur.com\/\",\"name\":\"Teamnet\",\"description\":\"\",\"publisher\":{\"@id\":\"http:\/\/teamnet.intravipur.com\/#organization\"},\"potentialAction\":[{\"@type\":\"SearchAction\",\"target\":{\"@type\":\"EntryPoint\",\"urlTemplate\":\"http:\/\/teamnet.intravipur.com\/?s={search_term_string}\"},\"query-input\":{\"@type\":\"PropertyValueSpecification\",\"valueRequired\":true,\"valueName\":\"search_term_string\"}}],\"inLanguage\":\"fr-FR\"},{\"@type\":\"Organization\",\"@id\":\"http:\/\/teamnet.intravipur.com\/#organization\",\"name\":\"Teamnet\",\"url\":\"http:\/\/teamnet.intravipur.com\/\",\"logo\":{\"@type\":\"ImageObject\",\"inLanguage\":\"fr-FR\",\"@id\":\"http:\/\/teamnet.intravipur.com\/#\/schema\/logo\/image\/\",\"url\":\"https:\/\/teamnet.intravipur.com\/wp-content\/uploads\/2024\/06\/logo-teamnet.png\",\"contentUrl\":\"https:\/\/teamnet.intravipur.com\/wp-content\/uploads\/2024\/06\/logo-teamnet.png\",\"width\":321,\"height\":121,\"caption\":\"Teamnet\"},\"image\":{\"@id\":\"http:\/\/teamnet.intravipur.com\/#\/schema\/logo\/image\/\"}}]}<\/script>\n<!-- \/ Yoast SEO plugin. -->","yoast_head_json":{"title":"Nos partenaires - Teamnet","robots":{"index":"index","follow":"follow","max-snippet":"max-snippet:-1","max-image-preview":"max-image-preview:large","max-video-preview":"max-video-preview:-1"},"canonical":"https:\/\/teamnet.intravipur.com\/?page_id=24","og_locale":"fr_FR","og_type":"article","og_title":"Nos partenaires - Teamnet","og_description":"TEAMNET s&rsquo;entoure des meilleures soci\u00e9t\u00e9s pour mener \u00e0 bien ses diff\u00e9rents projets D\u00e9mo en direct Demandez votre d\u00e9mo en direct maintenant !","og_url":"https:\/\/teamnet.intravipur.com\/?page_id=24","og_site_name":"Teamnet","article_modified_time":"2024-11-13T08:58:59+00:00","og_image":[{"url":"http:\/\/teamnet.intravipur.com\/wp-content\/uploads\/2024\/11\/teamnet-logo-systempay.jpg","type":"","width":"","height":""}],"twitter_card":"summary_large_image","twitter_misc":{"Dur\u00e9e de lecture estim\u00e9e":"2 minutes"},"schema":{"@context":"https:\/\/schema.org","@graph":[{"@type":"WebPage","@id":"https:\/\/teamnet.intravipur.com\/?page_id=24","url":"https:\/\/teamnet.intravipur.com\/?page_id=24","name":"Nos partenaires - Teamnet","isPartOf":{"@id":"http:\/\/teamnet.intravipur.com\/#website"},"primaryImageOfPage":{"@id":"https:\/\/teamnet.intravipur.com\/?page_id=24#primaryimage"},"image":{"@id":"https:\/\/teamnet.intravipur.com\/?page_id=24#primaryimage"},"thumbnailUrl":"http:\/\/teamnet.intravipur.com\/wp-content\/uploads\/2024\/11\/teamnet-logo-systempay.jpg","datePublished":"2024-06-18T12:50:06+00:00","dateModified":"2024-11-13T08:58:59+00:00","breadcrumb":{"@id":"https:\/\/teamnet.intravipur.com\/?page_id=24#breadcrumb"},"inLanguage":"fr-FR","potentialAction":[{"@type":"ReadAction","target":["https:\/\/teamnet.intravipur.com\/?page_id=24"]}]},{"@type":"ImageObject","inLanguage":"fr-FR","@id":"https:\/\/teamnet.intravipur.com\/?page_id=24#primaryimage","url":"https:\/\/teamnet.intravipur.com\/wp-content\/uploads\/2024\/11\/teamnet-logo-systempay.jpg","contentUrl":"https:\/\/teamnet.intravipur.com\/wp-content\/uploads\/2024\/11\/teamnet-logo-systempay.jpg","width":150,"height":150},{"@type":"BreadcrumbList","@id":"https:\/\/teamnet.intravipur.com\/?page_id=24#breadcrumb","itemListElement":[{"@type":"ListItem","position":1,"name":"Accueil","item":"http:\/\/teamnet.intravipur.com\/"},{"@type":"ListItem","position":2,"name":"Nos partenaires"}]},{"@type":"WebSite","@id":"http:\/\/teamnet.intravipur.com\/#website","url":"http:\/\/teamnet.intravipur.com\/","name":"Teamnet","description":"","publisher":{"@id":"http:\/\/teamnet.intravipur.com\/#organization"},"potentialAction":[{"@type":"SearchAction","target":{"@type":"EntryPoint","urlTemplate":"http:\/\/teamnet.intravipur.com\/?s={search_term_string}"},"query-input":{"@type":"PropertyValueSpecification","valueRequired":true,"valueName":"search_term_string"}}],"inLanguage":"fr-FR"},{"@type":"Organization","@id":"http:\/\/teamnet.intravipur.com\/#organization","name":"Teamnet","url":"http:\/\/teamnet.intravipur.com\/","logo":{"@type":"ImageObject","inLanguage":"fr-FR","@id":"http:\/\/teamnet.intravipur.com\/#\/schema\/logo\/image\/","url":"https:\/\/teamnet.intravipur.com\/wp-content\/uploads\/2024\/06\/logo-teamnet.png","contentUrl":"https:\/\/teamnet.intravipur.com\/wp-content\/uploads\/2024\/06\/logo-teamnet.png","width":321,"height":121,"caption":"Teamnet"},"image":{"@id":"http:\/\/teamnet.intravipur.com\/#\/schema\/logo\/image\/"}}]}},"_links":{"self":[{"href":"https:\/\/teamnet.intravipur.com\/index.php?rest_route=\/wp\/v2\/pages\/24","targetHints":{"allow":["GET"]}}],"collection":[{"href":"https:\/\/teamnet.intravipur.com\/index.php?rest_route=\/wp\/v2\/pages"}],"about":[{"href":"https:\/\/teamnet.intravipur.com\/index.php?rest_route=\/wp\/v2\/types\/page"}],"author":[{"embeddable":true,"href":"https:\/\/teamnet.intravipur.com\/index.php?rest_route=\/wp\/v2\/users\/1"}],"replies":[{"embeddable":true,"href":"https:\/\/teamnet.intravipur.com\/index.php?rest_route=%2Fwp%2Fv2%2Fcomments&post=24"}],"version-history":[{"count":7,"href":"https:\/\/teamnet.intravipur.com\/index.php?rest_route=\/wp\/v2\/pages\/24\/revisions"}],"predecessor-version":[{"id":804,"href":"https:\/\/teamnet.intravipur.com\/index.php?rest_route=\/wp\/v2\/pages\/24\/revisions\/804"}],"wp:attachment":[{"href":"https:\/\/teamnet.intravipur.com\/index.php?rest_route=%2Fwp%2Fv2%2Fmedia&parent=24"}],"curies":[{"name":"wp","href":"https:\/\/api.w.org\/{rel}","templated":true}]}}