{"id":18,"date":"2024-06-18T12:50:05","date_gmt":"2024-06-18T12:50:05","guid":{"rendered":"http:\/\/teamnet.intravipur.com\/?page_id=18"},"modified":"2024-11-12T15:43:49","modified_gmt":"2024-11-12T14:43:49","slug":"notre-histoire","status":"publish","type":"page","link":"https:\/\/teamnet.intravipur.com\/?page_id=18","title":{"rendered":"Notre histoire"},"content":{"rendered":"\t\t<div data-elementor-type=\"wp-page\" data-elementor-id=\"18\" class=\"elementor elementor-18\" data-elementor-post-type=\"page\">\n\t\t\t\t<div class=\"elementor-element elementor-element-1cdb7693 e-flex e-con-boxed e-con e-parent\" data-id=\"1cdb7693\" data-element_type=\"container\" data-e-type=\"container\" data-settings=\"{&quot;background_background&quot;:&quot;classic&quot;}\">\n\t\t\t\t\t<div class=\"e-con-inner\">\n\t\t\t\t<div class=\"elementor-element elementor-element-398b87ab elementor-widget__width-initial elementor-widget elementor-widget-heading\" data-id=\"398b87ab\" data-element_type=\"widget\" data-e-type=\"widget\" data-widget_type=\"heading.default\">\n\t\t\t\t<div class=\"elementor-widget-container\">\n\t\t\t\t\t<h3 class=\"elementor-heading-title elementor-size-default\">Pionnier des solutions d'e-administration d\u00e9di\u00e9es aux domaines de l'enfance et de la famille.<\/h3>\t\t\t\t<\/div>\n\t\t\t\t<\/div>\n\t\t\t\t<div class=\"elementor-element elementor-element-1a81e5f1 elementor-widget elementor-widget-image\" data-id=\"1a81e5f1\" data-element_type=\"widget\" data-e-type=\"widget\" data-widget_type=\"image.default\">\n\t\t\t\t<div class=\"elementor-widget-container\">\n\t\t\t\t\t\t\t\t\t\t\t\t\t\t\t<img fetchpriority=\"high\" decoding=\"async\" width=\"518\" height=\"716\" src=\"https:\/\/teamnet.intravipur.com\/wp-content\/uploads\/2024\/11\/adobestock_421298465_preview.png\" class=\"attachment-large size-large wp-image-715\" alt=\"\" srcset=\"https:\/\/teamnet.intravipur.com\/wp-content\/uploads\/2024\/11\/adobestock_421298465_preview.png 518w, https:\/\/teamnet.intravipur.com\/wp-content\/uploads\/2024\/11\/adobestock_421298465_preview-217x300.png 217w\" sizes=\"(max-width: 518px) 100vw, 518px\" \/>\t\t\t\t\t\t\t\t\t\t\t\t\t\t\t<\/div>\n\t\t\t\t<\/div>\n\t\t\t\t\t<\/div>\n\t\t\t\t<\/div>\n\t\t<div class=\"elementor-element elementor-element-20e4dc6d e-flex e-con-boxed e-con e-parent\" data-id=\"20e4dc6d\" data-element_type=\"container\" data-e-type=\"container\">\n\t\t\t\t\t<div class=\"e-con-inner\">\n\t\t\t\t<div class=\"elementor-element elementor-element-4a52f509 elementor-align-left elementor-widget elementor-widget-breadcrumbs\" data-id=\"4a52f509\" data-element_type=\"widget\" data-e-type=\"widget\" data-widget_type=\"breadcrumbs.default\">\n\t\t\t\t<div class=\"elementor-widget-container\">\n\t\t\t\t\t<p id=\"breadcrumbs\"><span><span><a href=\"http:\/\/teamnet.intravipur.com\/\">Accueil<\/a><\/span><\/span><\/p>\t\t\t\t<\/div>\n\t\t\t\t<\/div>\n\t\t\t\t\t<\/div>\n\t\t\t\t<\/div>\n\t\t<div class=\"elementor-element elementor-element-773b7eb2 e-flex e-con-boxed e-con e-parent\" data-id=\"773b7eb2\" data-element_type=\"container\" data-e-type=\"container\">\n\t\t\t\t\t<div class=\"e-con-inner\">\n\t\t\t\t<div class=\"elementor-element elementor-element-64674037 elementor-widget elementor-widget-heading\" data-id=\"64674037\" data-element_type=\"widget\" data-e-type=\"widget\" data-widget_type=\"heading.default\">\n\t\t\t\t<div class=\"elementor-widget-container\">\n\t\t\t\t\t<h1 class=\"elementor-heading-title elementor-size-default\">Teamnet : une histoire de plus de 30 ans<\/h1>\t\t\t\t<\/div>\n\t\t\t\t<\/div>\n\t\t\t\t<div class=\"elementor-element elementor-element-a02f74e elementor-widget elementor-widget-text-editor\" data-id=\"a02f74e\" data-element_type=\"widget\" data-e-type=\"widget\" data-widget_type=\"text-editor.default\">\n\t\t\t\t<div class=\"elementor-widget-container\">\n\t\t\t\t\t\t\t\t\t<p>Forte d\u2019une exp\u00e9rience de plus 30 ann\u00e9es au service de 500 collectivit\u00e9s utilisatrices dont plus de 400 villes, TEAMNET a tr\u00e8s vite int\u00e9gr\u00e9 la dimension strat\u00e9gique des enjeux que repr\u00e9sente l\u2019e-administration.\u00a0<\/p>\t\t\t\t\t\t\t\t<\/div>\n\t\t\t\t<\/div>\n\t\t\t\t\t<\/div>\n\t\t\t\t<\/div>\n\t\t<div class=\"elementor-element elementor-element-aa54c7f e-flex e-con-boxed e-con e-parent\" data-id=\"aa54c7f\" data-element_type=\"container\" data-e-type=\"container\">\n\t\t\t\t\t<div class=\"e-con-inner\">\n\t\t<div class=\"elementor-element elementor-element-b5dc445 e-con-full e-flex e-con e-child\" data-id=\"b5dc445\" data-element_type=\"container\" data-e-type=\"container\">\n\t\t\t\t<div class=\"elementor-element elementor-element-a86ce2a elementor-hidden-mobile elementor-widget elementor-widget-image\" data-id=\"a86ce2a\" data-element_type=\"widget\" data-e-type=\"widget\" data-widget_type=\"image.default\">\n\t\t\t\t<div class=\"elementor-widget-container\">\n\t\t\t\t\t\t\t\t\t\t\t\t\t\t\t<img decoding=\"async\" width=\"665\" height=\"593\" src=\"https:\/\/teamnet.intravipur.com\/wp-content\/uploads\/2024\/11\/capture-decran-2022-04-14-a-12.56.33.png\" class=\"attachment-large size-large wp-image-727\" alt=\"\" srcset=\"https:\/\/teamnet.intravipur.com\/wp-content\/uploads\/2024\/11\/capture-decran-2022-04-14-a-12.56.33.png 665w, https:\/\/teamnet.intravipur.com\/wp-content\/uploads\/2024\/11\/capture-decran-2022-04-14-a-12.56.33-300x268.png 300w\" sizes=\"(max-width: 665px) 100vw, 665px\" \/>\t\t\t\t\t\t\t\t\t\t\t\t\t\t\t<\/div>\n\t\t\t\t<\/div>\n\t\t\t\t<\/div>\n\t\t<div class=\"elementor-element elementor-element-736e5ed e-con-full e-flex e-con e-child\" data-id=\"736e5ed\" data-element_type=\"container\" data-e-type=\"container\">\n\t\t\t\t<div class=\"elementor-element elementor-element-39fdb35 elementor-widget elementor-widget-text-editor\" data-id=\"39fdb35\" data-element_type=\"widget\" data-e-type=\"widget\" data-widget_type=\"text-editor.default\">\n\t\t\t\t<div class=\"elementor-widget-container\">\n\t\t\t\t\t\t\t\t\t<p>Elle est l\u2019une des soci\u00e9t\u00e9s \u00e0 s\u2019y \u00eatre int\u00e9ress\u00e9e d\u00e8s les pr\u00e9mices. TEAMNET a notamment pris l\u2019initiative de l\u2019organisation d\u2019ateliers sur l\u2019e-administration, la r\u00e9daction de livres blancs et la conception d\u2019une offre en ad\u00e9quation avec les attentes du march\u00e9.<br \/><br \/>Les solutions de TEAMNET s\u2019adressent aujourd\u2019hui \u00e0 <strong>plus de 10 000 000 d\u2019administr\u00e9s \u00e0 travers toute la France<\/strong>. Il devient tr\u00e8s facile de <strong>g\u00e9rer les diverses d\u00e9marches administratives via le portail de la collectivit\u00e9<\/strong> : les inscriptions aux activit\u00e9s petite enfance et p\u00e9riscolaires, les r\u00e9servations de restauration scolaire, l\u2019accueil p\u00e9riscolaire, le paiement en ligne des factures ainsi que certaines autres d\u00e9marches (demande de tarif personnalis\u00e9 et formulaires, transmission de documents sensibles tels que les feuilles d\u2019imposition\u2026).<\/p>\t\t\t\t\t\t\t\t<\/div>\n\t\t\t\t<\/div>\n\t\t\t\t<\/div>\n\t\t\t\t\t<\/div>\n\t\t\t\t<\/div>\n\t\t<div class=\"elementor-element elementor-element-cdc8e18 e-flex e-con-boxed e-con e-parent\" data-id=\"cdc8e18\" data-element_type=\"container\" data-e-type=\"container\">\n\t\t\t\t\t<div class=\"e-con-inner\">\n\t\t\t\t<div class=\"elementor-element elementor-element-253db06 elementor-widget elementor-widget-text-editor\" data-id=\"253db06\" data-element_type=\"widget\" data-e-type=\"widget\" data-widget_type=\"text-editor.default\">\n\t\t\t\t<div class=\"elementor-widget-container\">\n\t\t\t\t\t\t\t\t\t<p>TEAMNET est le premier \u00e9diteur \u00e0 avoir int\u00e9gr\u00e9 des outils issus du monde du \u00ab libre \u00bb dans ses solutions (comme par exemple la plate-forme web Open Source Lut\u00e8ce : le moteur du portail \u00ab Facil\u2019Familles \u00bb de la ville de Paris). 100 000 familles parisiennes utilisent les services \u00ab Facil\u2019Familles \u00bb. Aujourd\u2019hui, l\u2019entreprise dispose de l\u2019offre la plus adapt\u00e9e aux exigences du march\u00e9 : <strong>une architecture logicielle souple et ouverte, optimis\u00e9e pour r\u00e9pondre aux besoins et aux contraintes des collectivit\u00e9s<\/strong>.<\/p>\t\t\t\t\t\t\t\t<\/div>\n\t\t\t\t<\/div>\n\t\t\t\t\t<\/div>\n\t\t\t\t<\/div>\n\t\t<div class=\"elementor-element elementor-element-9ee860e e-flex e-con-boxed e-con e-parent\" data-id=\"9ee860e\" data-element_type=\"container\" data-e-type=\"container\">\n\t\t\t\t\t<div class=\"e-con-inner\">\n\t\t<div class=\"elementor-element elementor-element-55ed53d e-con-full e-flex e-con e-child\" data-id=\"55ed53d\" data-element_type=\"container\" data-e-type=\"container\">\n\t\t\t\t<div class=\"elementor-element elementor-element-6be7e33 elementor-widget elementor-widget-image\" data-id=\"6be7e33\" data-element_type=\"widget\" data-e-type=\"widget\" data-widget_type=\"image.default\">\n\t\t\t\t<div class=\"elementor-widget-container\">\n\t\t\t\t\t\t\t\t\t\t\t\t\t\t\t<img decoding=\"async\" width=\"665\" height=\"593\" src=\"https:\/\/teamnet.intravipur.com\/wp-content\/uploads\/2024\/11\/capture-decran-2022-04-14-a-12.56.38.png\" class=\"attachment-large size-large wp-image-728\" alt=\"\" srcset=\"https:\/\/teamnet.intravipur.com\/wp-content\/uploads\/2024\/11\/capture-decran-2022-04-14-a-12.56.38.png 665w, https:\/\/teamnet.intravipur.com\/wp-content\/uploads\/2024\/11\/capture-decran-2022-04-14-a-12.56.38-300x268.png 300w\" sizes=\"(max-width: 665px) 100vw, 665px\" \/>\t\t\t\t\t\t\t\t\t\t\t\t\t\t\t<\/div>\n\t\t\t\t<\/div>\n\t\t\t\t<\/div>\n\t\t<div class=\"elementor-element elementor-element-a0f74ed e-con-full e-flex e-con e-child\" data-id=\"a0f74ed\" data-element_type=\"container\" data-e-type=\"container\">\n\t\t\t\t<div class=\"elementor-element elementor-element-c90cf2f elementor-widget elementor-widget-text-editor\" data-id=\"c90cf2f\" data-element_type=\"widget\" data-e-type=\"widget\" data-widget_type=\"text-editor.default\">\n\t\t\t\t<div class=\"elementor-widget-container\">\n\t\t\t\t\t\t\t\t\t<div class=\"row\"><div class=\"col-md-7 col-xs-12\">Intelligente, l\u2019offre d\u2019administration \u00e9lectronique de TEAMNET place <strong>l\u2019usager au centre du dispositif<\/strong>. Elle <strong>simplifie les d\u00e9marches<\/strong> des citoyens, participe \u00e0 la <strong>modernisation de l\u2019image des collectivit\u00e9s<\/strong> et de leurs services. Elle contribue \u00e9galement \u00e0 l\u2019am\u00e9lioration du <strong>confort de travail des agents<\/strong> et \u00e0 l\u2019efficacit\u00e9 de la collectivit\u00e9.<br \/><br \/>Aujourd\u2019hui, l\u2019offre de TEAMNET a conquis de nombreuses collectivit\u00e9s auxquelles elle propose une d\u00e9mat\u00e9rialisation compl\u00e8te de la gestion des services aux usagers \u00e0 travers les diff\u00e9rents \u00e9l\u00e9ments de son offre :<br \/>&#8211; une gamme de <strong>progiciels et solutions mobiles<\/strong> de gestion des <strong>services rendus \u00e0 la population<\/strong> (scolaire, p\u00e9riscolaire, enfance et petite enfance);<br \/>&#8211; un <strong>portail Citoyen<\/strong> associ\u00e9 \u00e0 des t\u00e9l\u00e9services m\u00e9tiers;<br \/>&#8211; des <strong>solutions de gestion et d\u2019organisation innovantes<\/strong> dont le Parapheur \u00e9lectronique.<\/div><\/div>\t\t\t\t\t\t\t\t<\/div>\n\t\t\t\t<\/div>\n\t\t\t\t<\/div>\n\t\t\t\t\t<\/div>\n\t\t\t\t<\/div>\n\t\t<div class=\"elementor-element elementor-element-2e98359 e-flex e-con-boxed e-con e-parent\" data-id=\"2e98359\" data-element_type=\"container\" data-e-type=\"container\">\n\t\t\t\t\t<div class=\"e-con-inner\">\n\t\t\t\t<div class=\"elementor-element elementor-element-69ef411 elementor-widget elementor-widget-text-editor\" data-id=\"69ef411\" data-element_type=\"widget\" data-e-type=\"widget\" data-widget_type=\"text-editor.default\">\n\t\t\t\t<div class=\"elementor-widget-container\">\n\t\t\t\t\t\t\t\t\t<p>TEAMNET propose aujourd\u2019hui une <strong>solution compl\u00e8te de gestion d\u00e9mat\u00e9rialis\u00e9e<\/strong> des diff\u00e9rents processus m\u00e9tiers au sein des collectivit\u00e9s locales.<\/p>\t\t\t\t\t\t\t\t<\/div>\n\t\t\t\t<\/div>\n\t\t\t\t\t<\/div>\n\t\t\t\t<\/div>\n\t\t<div class=\"elementor-element elementor-element-972db5f e-flex e-con-boxed e-con e-parent\" data-id=\"972db5f\" data-element_type=\"container\" data-e-type=\"container\">\n\t\t\t\t\t<div class=\"e-con-inner\">\n\t\t\t\t<div class=\"elementor-element elementor-element-571b81a elementor-align-center elementor-widget elementor-widget-button\" data-id=\"571b81a\" data-element_type=\"widget\" data-e-type=\"widget\" data-widget_type=\"button.default\">\n\t\t\t\t<div class=\"elementor-widget-container\">\n\t\t\t\t\t\t\t\t\t<div class=\"elementor-button-wrapper\">\n\t\t\t\t\t<a class=\"elementor-button elementor-button-link elementor-size-sm\" href=\"#\">\n\t\t\t\t\t\t<span class=\"elementor-button-content-wrapper\">\n\t\t\t\t\t\t<span class=\"elementor-button-icon\">\n\t\t\t\t<svg aria-hidden=\"true\" class=\"e-font-icon-svg e-fas-caret-right\" viewBox=\"0 0 192 512\" xmlns=\"http:\/\/www.w3.org\/2000\/svg\"><path d=\"M0 384.662V127.338c0-17.818 21.543-26.741 34.142-14.142l128.662 128.662c7.81 7.81 7.81 20.474 0 28.284L34.142 398.804C21.543 411.404 0 402.48 0 384.662z\"><\/path><\/svg>\t\t\t<\/span>\n\t\t\t\t\t\t\t\t\t<span class=\"elementor-button-text\">Lorem ipsum<\/span>\n\t\t\t\t\t<\/span>\n\t\t\t\t\t<\/a>\n\t\t\t\t<\/div>\n\t\t\t\t\t\t\t\t<\/div>\n\t\t\t\t<\/div>\n\t\t\t\t\t<\/div>\n\t\t\t\t<\/div>\n\t\t<div class=\"elementor-element elementor-element-7d762737 e-flex e-con-boxed e-con e-parent\" data-id=\"7d762737\" data-element_type=\"container\" data-e-type=\"container\" data-settings=\"{&quot;background_background&quot;:&quot;classic&quot;}\">\n\t\t\t\t\t<div class=\"e-con-inner\">\n\t\t<div class=\"elementor-element elementor-element-6256be5c e-con-full e-flex e-con e-child\" data-id=\"6256be5c\" data-element_type=\"container\" data-e-type=\"container\">\n\t\t\t\t<div class=\"elementor-element elementor-element-75dbed7c elementor-widget elementor-widget-button\" data-id=\"75dbed7c\" data-element_type=\"widget\" data-e-type=\"widget\" data-widget_type=\"button.default\">\n\t\t\t\t<div class=\"elementor-widget-container\">\n\t\t\t\t\t\t\t\t\t<div class=\"elementor-button-wrapper\">\n\t\t\t\t\t<a class=\"elementor-button elementor-button-link elementor-size-sm\" href=\"#\">\n\t\t\t\t\t\t<span class=\"elementor-button-content-wrapper\">\n\t\t\t\t\t\t<span class=\"elementor-button-icon\">\n\t\t\t\t<svg aria-hidden=\"true\" class=\"e-font-icon-svg e-fas-caret-right\" viewBox=\"0 0 192 512\" xmlns=\"http:\/\/www.w3.org\/2000\/svg\"><path d=\"M0 384.662V127.338c0-17.818 21.543-26.741 34.142-14.142l128.662 128.662c7.81 7.81 7.81 20.474 0 28.284L34.142 398.804C21.543 411.404 0 402.48 0 384.662z\"><\/path><\/svg>\t\t\t<\/span>\n\t\t\t\t\t\t\t\t\t<span class=\"elementor-button-text\">D\u00e9mo en direct<\/span>\n\t\t\t\t\t<\/span>\n\t\t\t\t\t<\/a>\n\t\t\t\t<\/div>\n\t\t\t\t\t\t\t\t<\/div>\n\t\t\t\t<\/div>\n\t\t\t\t<\/div>\n\t\t<div class=\"elementor-element elementor-element-684384e e-con-full e-flex e-con e-child\" data-id=\"684384e\" data-element_type=\"container\" data-e-type=\"container\">\n\t\t\t\t<div class=\"elementor-element elementor-element-64fc1d70 elementor-widget elementor-widget-text-editor\" data-id=\"64fc1d70\" data-element_type=\"widget\" data-e-type=\"widget\" data-widget_type=\"text-editor.default\">\n\t\t\t\t<div class=\"elementor-widget-container\">\n\t\t\t\t\t\t\t\t\t<p>Demandez votre d\u00e9mo en direct maintenant !<\/p>\t\t\t\t\t\t\t\t<\/div>\n\t\t\t\t<\/div>\n\t\t\t\t<\/div>\n\t\t\t\t\t<\/div>\n\t\t\t\t<\/div>\n\t\t\t\t<\/div>\n\t\t","protected":false},"excerpt":{"rendered":"<p>Pionnier des solutions d&rsquo;e-administration d\u00e9di\u00e9es aux domaines de l&rsquo;enfance et de la famille. Teamnet : une histoire de plus de 30 ans Forte d\u2019une exp\u00e9rience de plus 30 ann\u00e9es au service de 500 collectivit\u00e9s utilisatrices dont plus de 400 villes, TEAMNET a tr\u00e8s vite int\u00e9gr\u00e9 la dimension strat\u00e9gique des enjeux que repr\u00e9sente l\u2019e-administration.\u00a0 Elle est [&hellip;]<\/p>\n","protected":false},"author":1,"featured_media":0,"parent":0,"menu_order":0,"comment_status":"closed","ping_status":"closed","template":"","meta":{"footnotes":""},"class_list":["post-18","page","type-page","status-publish","hentry"],"yoast_head":"<!-- This site is optimized with the Yoast SEO plugin v27.1.1 - https:\/\/yoast.com\/product\/yoast-seo-wordpress\/ -->\n<title>Notre histoire - Teamnet<\/title>\n<meta name=\"robots\" content=\"index, follow, max-snippet:-1, max-image-preview:large, max-video-preview:-1\" \/>\n<link rel=\"canonical\" href=\"https:\/\/teamnet.intravipur.com\/?page_id=18\" \/>\n<meta property=\"og:locale\" content=\"fr_FR\" \/>\n<meta property=\"og:type\" content=\"article\" \/>\n<meta property=\"og:title\" content=\"Notre histoire - Teamnet\" \/>\n<meta property=\"og:description\" content=\"Pionnier des solutions d&rsquo;e-administration d\u00e9di\u00e9es aux domaines de l&rsquo;enfance et de la famille. Teamnet : une histoire de plus de 30 ans Forte d\u2019une exp\u00e9rience de plus 30 ann\u00e9es au service de 500 collectivit\u00e9s utilisatrices dont plus de 400 villes, TEAMNET a tr\u00e8s vite int\u00e9gr\u00e9 la dimension strat\u00e9gique des enjeux que repr\u00e9sente l\u2019e-administration.\u00a0 Elle est [&hellip;]\" \/>\n<meta property=\"og:url\" content=\"https:\/\/teamnet.intravipur.com\/?page_id=18\" \/>\n<meta property=\"og:site_name\" content=\"Teamnet\" \/>\n<meta property=\"article:modified_time\" content=\"2024-11-12T14:43:49+00:00\" \/>\n<meta property=\"og:image\" content=\"http:\/\/teamnet.intravipur.com\/wp-content\/uploads\/2024\/11\/adobestock_421298465_preview.png\" \/>\n<meta name=\"twitter:card\" content=\"summary_large_image\" \/>\n<meta name=\"twitter:label1\" content=\"Dur\u00e9e de lecture estim\u00e9e\" \/>\n\t<meta name=\"twitter:data1\" content=\"3 minutes\" \/>\n<script type=\"application\/ld+json\" class=\"yoast-schema-graph\">{\"@context\":\"https:\/\/schema.org\",\"@graph\":[{\"@type\":\"WebPage\",\"@id\":\"https:\/\/teamnet.intravipur.com\/?page_id=18\",\"url\":\"https:\/\/teamnet.intravipur.com\/?page_id=18\",\"name\":\"Notre histoire - Teamnet\",\"isPartOf\":{\"@id\":\"http:\/\/teamnet.intravipur.com\/#website\"},\"primaryImageOfPage\":{\"@id\":\"https:\/\/teamnet.intravipur.com\/?page_id=18#primaryimage\"},\"image\":{\"@id\":\"https:\/\/teamnet.intravipur.com\/?page_id=18#primaryimage\"},\"thumbnailUrl\":\"http:\/\/teamnet.intravipur.com\/wp-content\/uploads\/2024\/11\/adobestock_421298465_preview.png\",\"datePublished\":\"2024-06-18T12:50:05+00:00\",\"dateModified\":\"2024-11-12T14:43:49+00:00\",\"breadcrumb\":{\"@id\":\"https:\/\/teamnet.intravipur.com\/?page_id=18#breadcrumb\"},\"inLanguage\":\"fr-FR\",\"potentialAction\":[{\"@type\":\"ReadAction\",\"target\":[\"https:\/\/teamnet.intravipur.com\/?page_id=18\"]}]},{\"@type\":\"ImageObject\",\"inLanguage\":\"fr-FR\",\"@id\":\"https:\/\/teamnet.intravipur.com\/?page_id=18#primaryimage\",\"url\":\"https:\/\/teamnet.intravipur.com\/wp-content\/uploads\/2024\/11\/adobestock_421298465_preview.png\",\"contentUrl\":\"https:\/\/teamnet.intravipur.com\/wp-content\/uploads\/2024\/11\/adobestock_421298465_preview.png\",\"width\":518,\"height\":716},{\"@type\":\"BreadcrumbList\",\"@id\":\"https:\/\/teamnet.intravipur.com\/?page_id=18#breadcrumb\",\"itemListElement\":[{\"@type\":\"ListItem\",\"position\":1,\"name\":\"Accueil\",\"item\":\"http:\/\/teamnet.intravipur.com\/\"},{\"@type\":\"ListItem\",\"position\":2,\"name\":\"Notre histoire\"}]},{\"@type\":\"WebSite\",\"@id\":\"http:\/\/teamnet.intravipur.com\/#website\",\"url\":\"http:\/\/teamnet.intravipur.com\/\",\"name\":\"Teamnet\",\"description\":\"\",\"publisher\":{\"@id\":\"http:\/\/teamnet.intravipur.com\/#organization\"},\"potentialAction\":[{\"@type\":\"SearchAction\",\"target\":{\"@type\":\"EntryPoint\",\"urlTemplate\":\"http:\/\/teamnet.intravipur.com\/?s={search_term_string}\"},\"query-input\":{\"@type\":\"PropertyValueSpecification\",\"valueRequired\":true,\"valueName\":\"search_term_string\"}}],\"inLanguage\":\"fr-FR\"},{\"@type\":\"Organization\",\"@id\":\"http:\/\/teamnet.intravipur.com\/#organization\",\"name\":\"Teamnet\",\"url\":\"http:\/\/teamnet.intravipur.com\/\",\"logo\":{\"@type\":\"ImageObject\",\"inLanguage\":\"fr-FR\",\"@id\":\"http:\/\/teamnet.intravipur.com\/#\/schema\/logo\/image\/\",\"url\":\"https:\/\/teamnet.intravipur.com\/wp-content\/uploads\/2024\/06\/logo-teamnet.png\",\"contentUrl\":\"https:\/\/teamnet.intravipur.com\/wp-content\/uploads\/2024\/06\/logo-teamnet.png\",\"width\":321,\"height\":121,\"caption\":\"Teamnet\"},\"image\":{\"@id\":\"http:\/\/teamnet.intravipur.com\/#\/schema\/logo\/image\/\"}}]}<\/script>\n<!-- \/ Yoast SEO plugin. -->","yoast_head_json":{"title":"Notre histoire - Teamnet","robots":{"index":"index","follow":"follow","max-snippet":"max-snippet:-1","max-image-preview":"max-image-preview:large","max-video-preview":"max-video-preview:-1"},"canonical":"https:\/\/teamnet.intravipur.com\/?page_id=18","og_locale":"fr_FR","og_type":"article","og_title":"Notre histoire - Teamnet","og_description":"Pionnier des solutions d&rsquo;e-administration d\u00e9di\u00e9es aux domaines de l&rsquo;enfance et de la famille. Teamnet : une histoire de plus de 30 ans Forte d\u2019une exp\u00e9rience de plus 30 ann\u00e9es au service de 500 collectivit\u00e9s utilisatrices dont plus de 400 villes, TEAMNET a tr\u00e8s vite int\u00e9gr\u00e9 la dimension strat\u00e9gique des enjeux que repr\u00e9sente l\u2019e-administration.\u00a0 Elle est [&hellip;]","og_url":"https:\/\/teamnet.intravipur.com\/?page_id=18","og_site_name":"Teamnet","article_modified_time":"2024-11-12T14:43:49+00:00","og_image":[{"url":"http:\/\/teamnet.intravipur.com\/wp-content\/uploads\/2024\/11\/adobestock_421298465_preview.png","type":"","width":"","height":""}],"twitter_card":"summary_large_image","twitter_misc":{"Dur\u00e9e de lecture estim\u00e9e":"3 minutes"},"schema":{"@context":"https:\/\/schema.org","@graph":[{"@type":"WebPage","@id":"https:\/\/teamnet.intravipur.com\/?page_id=18","url":"https:\/\/teamnet.intravipur.com\/?page_id=18","name":"Notre histoire - Teamnet","isPartOf":{"@id":"http:\/\/teamnet.intravipur.com\/#website"},"primaryImageOfPage":{"@id":"https:\/\/teamnet.intravipur.com\/?page_id=18#primaryimage"},"image":{"@id":"https:\/\/teamnet.intravipur.com\/?page_id=18#primaryimage"},"thumbnailUrl":"http:\/\/teamnet.intravipur.com\/wp-content\/uploads\/2024\/11\/adobestock_421298465_preview.png","datePublished":"2024-06-18T12:50:05+00:00","dateModified":"2024-11-12T14:43:49+00:00","breadcrumb":{"@id":"https:\/\/teamnet.intravipur.com\/?page_id=18#breadcrumb"},"inLanguage":"fr-FR","potentialAction":[{"@type":"ReadAction","target":["https:\/\/teamnet.intravipur.com\/?page_id=18"]}]},{"@type":"ImageObject","inLanguage":"fr-FR","@id":"https:\/\/teamnet.intravipur.com\/?page_id=18#primaryimage","url":"https:\/\/teamnet.intravipur.com\/wp-content\/uploads\/2024\/11\/adobestock_421298465_preview.png","contentUrl":"https:\/\/teamnet.intravipur.com\/wp-content\/uploads\/2024\/11\/adobestock_421298465_preview.png","width":518,"height":716},{"@type":"BreadcrumbList","@id":"https:\/\/teamnet.intravipur.com\/?page_id=18#breadcrumb","itemListElement":[{"@type":"ListItem","position":1,"name":"Accueil","item":"http:\/\/teamnet.intravipur.com\/"},{"@type":"ListItem","position":2,"name":"Notre histoire"}]},{"@type":"WebSite","@id":"http:\/\/teamnet.intravipur.com\/#website","url":"http:\/\/teamnet.intravipur.com\/","name":"Teamnet","description":"","publisher":{"@id":"http:\/\/teamnet.intravipur.com\/#organization"},"potentialAction":[{"@type":"SearchAction","target":{"@type":"EntryPoint","urlTemplate":"http:\/\/teamnet.intravipur.com\/?s={search_term_string}"},"query-input":{"@type":"PropertyValueSpecification","valueRequired":true,"valueName":"search_term_string"}}],"inLanguage":"fr-FR"},{"@type":"Organization","@id":"http:\/\/teamnet.intravipur.com\/#organization","name":"Teamnet","url":"http:\/\/teamnet.intravipur.com\/","logo":{"@type":"ImageObject","inLanguage":"fr-FR","@id":"http:\/\/teamnet.intravipur.com\/#\/schema\/logo\/image\/","url":"https:\/\/teamnet.intravipur.com\/wp-content\/uploads\/2024\/06\/logo-teamnet.png","contentUrl":"https:\/\/teamnet.intravipur.com\/wp-content\/uploads\/2024\/06\/logo-teamnet.png","width":321,"height":121,"caption":"Teamnet"},"image":{"@id":"http:\/\/teamnet.intravipur.com\/#\/schema\/logo\/image\/"}}]}},"_links":{"self":[{"href":"https:\/\/teamnet.intravipur.com\/index.php?rest_route=\/wp\/v2\/pages\/18","targetHints":{"allow":["GET"]}}],"collection":[{"href":"https:\/\/teamnet.intravipur.com\/index.php?rest_route=\/wp\/v2\/pages"}],"about":[{"href":"https:\/\/teamnet.intravipur.com\/index.php?rest_route=\/wp\/v2\/types\/page"}],"author":[{"embeddable":true,"href":"https:\/\/teamnet.intravipur.com\/index.php?rest_route=\/wp\/v2\/users\/1"}],"replies":[{"embeddable":true,"href":"https:\/\/teamnet.intravipur.com\/index.php?rest_route=%2Fwp%2Fv2%2Fcomments&post=18"}],"version-history":[{"count":16,"href":"https:\/\/teamnet.intravipur.com\/index.php?rest_route=\/wp\/v2\/pages\/18\/revisions"}],"predecessor-version":[{"id":745,"href":"https:\/\/teamnet.intravipur.com\/index.php?rest_route=\/wp\/v2\/pages\/18\/revisions\/745"}],"wp:attachment":[{"href":"https:\/\/teamnet.intravipur.com\/index.php?rest_route=%2Fwp%2Fv2%2Fmedia&parent=18"}],"curies":[{"name":"wp","href":"https:\/\/api.w.org\/{rel}","templated":true}]}}